{"id":15,"date":"2011-11-04T01:22:41","date_gmt":"2011-11-04T01:22:41","guid":{"rendered":"http:\/\/gsv-heidelberg.de\/gsv\/?page_id=15"},"modified":"2025-02-24T12:00:36","modified_gmt":"2025-02-24T10:00:36","slug":"golf","status":"publish","type":"page","link":"https:\/\/www.gsv-heidelberg.de\/?page_id=15","title":{"rendered":"Golf"},"content":{"rendered":"\n<p><a style=\"font-family: arial, sans-serif; font-size: 12px; line-height: 18px;\" href=\"http:\/\/gsv-heidelberg.de\/wp-content\/uploads\/2012\/07\/GSV-HD-Golfteam.jpg\"><img loading=\"lazy\" decoding=\"async\" class=\"wp-image-1120 size-full\" title=\"GSV HD Golfteam\" src=\"https:\/\/www.gsv-heidelberg.de\/wp-content\/uploads\/2012\/07\/GSV-HD-Golfteam.jpg\" alt=\"\" width=\"1024\" height=\"683\" srcset=\"https:\/\/www.gsv-heidelberg.de\/wp-content\/uploads\/2012\/07\/GSV-HD-Golfteam.jpg 1024w, https:\/\/www.gsv-heidelberg.de\/wp-content\/uploads\/2012\/07\/GSV-HD-Golfteam-300x200.jpg 300w\" sizes=\"auto, (max-width: 1024px) 100vw, 1024px\" \/><\/a><span style=\"font-size: 10pt;\">v.l. Jochen Krippner, Dennis Stadtm\u00fcller, Florian Boland (Oberaula am 27.06.2009)<\/span><\/p>\n\n\n\n<p>Die Golfabteilung wurde zum 01.01.2009 gegr\u00fcndet. Die Gr\u00fcndungsmitglieder sind Dennis Stadtm\u00fcller und Jochen Krippner.<\/p>\n\n\n\n<p>Mittlerweile sind wir auf sieben Golfer angewachsen, darunter drei gro\u00dfe Nachwuchstalenten. die mittlerweile 15 j\u00e4hrige Amelie Paloma Gonzalez Podbicanin, die Anfang 2016 entdeckt wurde, der mittlerweile 20 j\u00e4hrige Nico Guldan, der Ende 2016 entdeckt wurde sowie die mittlerweile 14 J\u00e4hrige Lisa Schmitz, die im September 2019 entdeckt wurde.<\/p>\n\n\n\n<p>Dennis Stadtm\u00fcller ist seit der Gr\u00fcndung Golfeiter. Wir nehmen an Geh\u00f6rlosen Turnieren teil, dazu sind Platzreife zwingend notwendig, um Mitglied in der Golfsparte zu sein. Pro Jahr werden durchschnittlich 3-4 Turniere f\u00fcr Geh\u00f6rlose von der DGS-Sparte durchgef\u00fchrt. Ebenso Internationale Turniere, wie die Weltmeisterschaft, European Deaf Golf Challenges die sich jedes Jahr abwechseln sowie die alle 4 Jahre stattfindende prestigetr\u00e4chtige Deaflympics, die im Juli 2017 in Samsun (T\u00fcrkei) ihre Premiere feierte. Interessiert? Dennis Stadtm\u00fcller beantwortet Ihre Fragen sehr gerne und steht Ihnen jederzeit zur Verf\u00fcgung.<\/p>\n\n\n\n<p><strong>Golf-Leiter:<\/strong> Dennis Stadtm\u00fcller<\/p>\n\n\n\n<h2 class=\"wp-block-heading\"><strong>Kontakt:<\/strong><\/h2>\n\n\n\n<p>Sende eine Nachricht an den Abteilungsleiter.<\/p>\n\n\n<div class=\"frm_forms  with_frm_style frm_style_formidable-stil\" id=\"frm_form_2_container\" data-token=\"d6892f53bad82810a0d228becfcadd1a\">\n<form enctype=\"multipart\/form-data\" method=\"post\" class=\"frm-show-form \" id=\"form_kontaktformular\" data-token=\"d6892f53bad82810a0d228becfcadd1a\">\n<div class=\"frm_form_fields \">\n<fieldset>\n<legend class=\"frm_screen_reader\">Kontaktformular<\/legend>\r\n\r\n<div class=\"frm_fields_container\">\n<input type=\"hidden\" name=\"frm_action\" value=\"create\" \/>\n<input type=\"hidden\" name=\"form_id\" value=\"2\" \/>\n<input type=\"hidden\" name=\"frm_hide_fields_2\" id=\"frm_hide_fields_2\" value=\"\" \/>\n<input type=\"hidden\" name=\"form_key\" value=\"kontaktformular\" \/>\n<input type=\"hidden\" name=\"item_meta[0]\" value=\"\" \/>\n<input type=\"hidden\" id=\"frm_submit_entry_2\" name=\"frm_submit_entry_2\" value=\"8fbf942d21\" \/><input type=\"hidden\" name=\"_wp_http_referer\" value=\"\/index.php?rest_route=%2Fwp%2Fv2%2Fpages%2F15\" \/><div id=\"frm_field_9_container\" class=\"frm_form_field form-field  frm_required_field frm_top_container\">\r\n\t<div  id=\"field_ixl2x_label\" class=\"frm_primary_label\">Vorname und Nachname\r\n\t\t<span class=\"frm_required\" aria-hidden=\"true\">*<\/span>\r\n\t<\/div>\r\n\t<fieldset aria-labelledby=\"field_ixl2x_label\">\n\t<legend class=\"frm_screen_reader frm_hidden\">\n\t\tVorname und Nachname\t<\/legend>\n\n\t<div  class=\"frm_combo_inputs_container\" id=\"frm_combo_inputs_container_9\" data-name-layout=\"first_last\">\n\t\t\t\t\t<div\n\t\t\t\tid=\"frm_field_9-first_container\"\n\t\t\t\tclass=\"frm_form_field form-field frm_form_subfield-first  frm6\"\n\t\t\t\tdata-sub-field-name=\"first\"\n\t\t\t>\n\t\t\t\t<label for=\"field_ixl2x_first\" class=\"frm_screen_reader frm_hidden\">\n\t\t\t\t\tVorname\t\t\t\t<\/label>\n\n\t\t\t\t<input  type=\"text\" id=\"field_ixl2x_first\" value=\"\" name=\"item_meta[9][first]\" autocomplete=\"given-name\" data-reqmsg=\"Vorname und Nachname kann nicht leer sein.\" aria-required=\"true\" data-invmsg=\"Vorname und Nachname ist ung\u00fcltig\" aria-invalid=\"false\"  \/><div class=\"frm_description\" id=\"frm_field_9_first_desc\">Vorname<\/div>\t\t\t<\/div>\n\t\t\t\t\t\t<div\n\t\t\t\tid=\"frm_field_9-last_container\"\n\t\t\t\tclass=\"frm_form_field form-field frm_form_subfield-last  frm6\"\n\t\t\t\tdata-sub-field-name=\"last\"\n\t\t\t>\n\t\t\t\t<label for=\"field_ixl2x_last\" class=\"frm_screen_reader frm_hidden\">\n\t\t\t\t\tNachname\t\t\t\t<\/label>\n\n\t\t\t\t<input  type=\"text\" id=\"field_ixl2x_last\" value=\"\" name=\"item_meta[9][last]\" autocomplete=\"family-name\" data-reqmsg=\"Vorname und Nachname kann nicht leer sein.\" aria-required=\"true\" data-invmsg=\"Vorname und Nachname ist ung\u00fcltig\" aria-invalid=\"false\"  \/><div class=\"frm_description\" id=\"frm_field_9_last_desc\">Nachname<\/div>\t\t\t<\/div>\n\t\t\t\t<\/div>\n<\/fieldset>\n\r\n\t\r\n\t\r\n<\/div>\n<div id=\"frm_field_11_container\" class=\"frm_form_field form-field  frm_required_field frm_top_container\">\r\n\t<label for=\"field_f4hih\" id=\"field_f4hih_label\" class=\"frm_primary_label\">E-Mail\r\n\t\t<span class=\"frm_required\" aria-hidden=\"true\">*<\/span>\r\n\t<\/label>\r\n\t<input type=\"email\" id=\"field_f4hih\" name=\"item_meta[11]\" value=\"\"  data-reqmsg=\"E-Mail kann nicht leer sein.\" aria-required=\"true\" data-invmsg=\"E-Mail ist ung\u00fcltig\" aria-invalid=\"false\"  \/>\r\n\t\r\n\t\r\n<\/div>\n<div id=\"frm_field_12_container\" class=\"frm_form_field form-field  frm_required_field frm_top_container\">\r\n\t<label for=\"field_811mc\" id=\"field_811mc_label\" class=\"frm_primary_label\">Thema\r\n\t\t<span class=\"frm_required\" aria-hidden=\"true\">*<\/span>\r\n\t<\/label>\r\n\t<input type=\"text\" id=\"field_811mc\" name=\"item_meta[12]\" value=\"\"  data-reqmsg=\"Thema kann nicht leer sein.\" aria-required=\"true\" data-invmsg=\"Thema ist ung\u00fcltig\" aria-invalid=\"false\"  \/>\r\n\t\r\n\t\r\n<\/div>\n<div id=\"frm_field_13_container\" class=\"frm_form_field form-field  frm_required_field frm_top_container\">\r\n\t<label for=\"field_2n12y\" id=\"field_2n12y_label\" class=\"frm_primary_label\">Nachricht\r\n\t\t<span class=\"frm_required\" aria-hidden=\"true\">*<\/span>\r\n\t<\/label>\r\n\t<input type=\"text\" id=\"field_2n12y\" name=\"item_meta[13]\" value=\"\"  data-reqmsg=\"Nachricht kann nicht leer sein.\" aria-required=\"true\" data-invmsg=\"Nachricht ist ung\u00fcltig\" aria-invalid=\"false\"  \/>\r\n\t\r\n\t\r\n<\/div>\n<div id=\"frm_field_7_container\" class=\"frm_form_field form-field \">\r\n\t<div class=\"frm_submit frm_flex\">\r\n<button class=\"frm_button_submit\" type=\"submit\"  >Senden<\/button>\r\n\r\n\r\n\r\n<\/div>\r\n<\/div>\n\t<input type=\"hidden\" name=\"item_key\" value=\"\" \/>\n\t\t\t<div id=\"frm_field_14_container\">\n\t\t\t<label for=\"field_8q0s\" >\n\t\t\t\tFalls Du menschlich bist, lasse dieses Feld leer.\t\t\t<\/label>\n\t\t\t<input  id=\"field_8q0s\" type=\"text\" class=\"frm_form_field form-field frm_verify\" name=\"item_meta[14]\" value=\"\"  \/>\n\t\t<\/div>\n\t\t<input name=\"frm_state\" type=\"hidden\" value=\"G0Xjk8rkQGOvQcMCDczrDMhdKt9+9XHwzNPCQN16XmM=\" \/><\/div>\n<\/fieldset>\n<\/div>\n\n<p style=\"display: none !important;\" class=\"akismet-fields-container\" data-prefix=\"ak_\"><label>&#916;<textarea name=\"ak_hp_textarea\" cols=\"45\" rows=\"8\" maxlength=\"100\"><\/textarea><\/label><input type=\"hidden\" id=\"ak_js_1\" name=\"ak_js\" value=\"40\"\/><script>document.getElementById( \"ak_js_1\" ).setAttribute( \"value\", ( new Date() ).getTime() );<\/script><\/p><\/form>\n<\/div>\n","protected":false},"excerpt":{"rendered":"<p>v.l. Jochen Krippner, Dennis Stadtm\u00fcller, Florian Boland (Oberaula am 27.06.2009) Die Golfabteilung wurde zum 01.01.2009 gegr\u00fcndet. Die Gr\u00fcndungsmitglieder sind Dennis Stadtm\u00fcller und Jochen Krippner. Mittlerweile sind wir auf sieben Golfer angewachsen, darunter drei gro\u00dfe Nachwuchstalenten. die mittlerweile 15 j\u00e4hrige Amelie Paloma Gonzalez Podbicanin, die Anfang 2016 entdeckt wurde, der mittlerweile 20 j\u00e4hrige Nico Guldan, der &hellip; <\/p>\n<p><a class=\"more-link btn\" href=\"https:\/\/www.gsv-heidelberg.de\/?page_id=15\">Weiterlesen<\/a><\/p>\n","protected":false},"author":1,"featured_media":0,"parent":0,"menu_order":0,"comment_status":"open","ping_status":"open","template":"","meta":{"footnotes":""},"class_list":["post-15","page","type-page","status-publish","hentry","nodate","item-wrap"],"_links":{"self":[{"href":"https:\/\/www.gsv-heidelberg.de\/index.php?rest_route=\/wp\/v2\/pages\/15","targetHints":{"allow":["GET"]}}],"collection":[{"href":"https:\/\/www.gsv-heidelberg.de\/index.php?rest_route=\/wp\/v2\/pages"}],"about":[{"href":"https:\/\/www.gsv-heidelberg.de\/index.php?rest_route=\/wp\/v2\/types\/page"}],"author":[{"embeddable":true,"href":"https:\/\/www.gsv-heidelberg.de\/index.php?rest_route=\/wp\/v2\/users\/1"}],"replies":[{"embeddable":true,"href":"https:\/\/www.gsv-heidelberg.de\/index.php?rest_route=%2Fwp%2Fv2%2Fcomments&post=15"}],"version-history":[{"count":21,"href":"https:\/\/www.gsv-heidelberg.de\/index.php?rest_route=\/wp\/v2\/pages\/15\/revisions"}],"predecessor-version":[{"id":9177,"href":"https:\/\/www.gsv-heidelberg.de\/index.php?rest_route=\/wp\/v2\/pages\/15\/revisions\/9177"}],"wp:attachment":[{"href":"https:\/\/www.gsv-heidelberg.de\/index.php?rest_route=%2Fwp%2Fv2%2Fmedia&parent=15"}],"curies":[{"name":"wp","href":"https:\/\/api.w.org\/{rel}","templated":true}]}}