{"id":160,"date":"2011-11-09T21:30:19","date_gmt":"2011-11-09T21:30:19","guid":{"rendered":"http:\/\/gsv-heidelberg.de\/gsv\/?page_id=160"},"modified":"2026-04-22T11:20:50","modified_gmt":"2026-04-22T09:20:50","slug":"vereinsorganisation","status":"publish","type":"page","link":"https:\/\/www.gsv-heidelberg.de\/?page_id=160","title":{"rendered":"Vorstandsteam"},"content":{"rendered":"<div class=\"wp-block-image\">\n<figure class=\"aligncenter size-full\"><a href=\"https:\/\/www.gsv-heidelberg.de\/wp-content\/uploads\/2026\/04\/WhatsApp-Image-2026-04-22-at-11.14.27-1.jpeg\" target=\"_blank\" rel=\"noreferrer noopener\"><img loading=\"lazy\" decoding=\"async\" width=\"1098\" height=\"1098\" src=\"https:\/\/www.gsv-heidelberg.de\/wp-content\/uploads\/2026\/04\/WhatsApp-Image-2026-04-22-at-11.14.27-1.jpeg\" alt=\"\" class=\"wp-image-9973\" srcset=\"https:\/\/www.gsv-heidelberg.de\/wp-content\/uploads\/2026\/04\/WhatsApp-Image-2026-04-22-at-11.14.27-1.jpeg 1098w, https:\/\/www.gsv-heidelberg.de\/wp-content\/uploads\/2026\/04\/WhatsApp-Image-2026-04-22-at-11.14.27-1-500x500.jpeg 500w, https:\/\/www.gsv-heidelberg.de\/wp-content\/uploads\/2026\/04\/WhatsApp-Image-2026-04-22-at-11.14.27-1-1024x1024.jpeg 1024w, https:\/\/www.gsv-heidelberg.de\/wp-content\/uploads\/2026\/04\/WhatsApp-Image-2026-04-22-at-11.14.27-1-150x150.jpeg 150w, https:\/\/www.gsv-heidelberg.de\/wp-content\/uploads\/2026\/04\/WhatsApp-Image-2026-04-22-at-11.14.27-1-768x768.jpeg 768w, https:\/\/www.gsv-heidelberg.de\/wp-content\/uploads\/2026\/04\/WhatsApp-Image-2026-04-22-at-11.14.27-1-847x847.jpeg 847w\" sizes=\"auto, (max-width: 1098px) 100vw, 1098px\" \/><\/a><figcaption class=\"wp-element-caption\">Anna Lange, Nicole Weber, Hanjo Wege, Damien Herboth, Melissa Anders<\/figcaption><\/figure><\/div>\n\n\n<h2 class=\"wp-block-heading\">Gesch\u00e4ftsf\u00fchrendes Vorstandsteam seit 19.04.2026<\/h2>\n\n\n\n<figure class=\"wp-block-table\"><table class=\"has-fixed-layout\"><thead><tr><th>Funktion<\/th><th>Name<\/th><\/tr><\/thead><tbody><tr><td>1. Vorsitzender<\/td><td>Damien Herboth<\/td><\/tr><tr><td>2. Vorsitzender<\/td><td>Hanjo Wege<\/td><\/tr><tr><td>1. Hauptkassierer<\/td><td>Melissa Anders<\/td><\/tr><tr><td>2. Hauptkassierer<\/td><td>Anna Lange<\/td><\/tr><tr><td>Schriftf\u00fchrer<\/td><td>Nicole Weber<\/td><\/tr><\/tbody><\/table><\/figure>\n\n\n\n<h2 class=\"wp-block-heading\">Beisitzer<\/h2>\n\n\n\n<figure class=\"wp-block-table\"><table class=\"has-fixed-layout\"><thead><tr><th>Funktion<\/th><th>Name<\/th><\/tr><\/thead><tbody><tr><td>Beisitzer<\/td><td>Nicole Weber<\/td><\/tr><tr><td>Beisitzer<\/td><td>Frank Sch\u00f6nauer<\/td><\/tr><tr><td><\/td><td><\/td><\/tr><\/tbody><\/table><\/figure>\n\n\n\n<h2 class=\"wp-block-heading\">Abteilungsleiter<\/h2>\n\n\n\n<figure class=\"wp-block-table\"><table class=\"has-fixed-layout\"><thead><tr><th>Funktion<\/th><th>Name<\/th><\/tr><\/thead><tbody><tr><td>Fussball<\/td><td>\u00d6zg\u00fcr Batu<\/td><\/tr><tr><td>Golf<\/td><td>Dennis Stadtm\u00fcller<\/td><\/tr><tr><td>Schwimmen<\/td><td>Gerda Reinhard<\/td><\/tr><tr><td>Motorsport<\/td><td>Florian Preda<\/td><\/tr><tr><td>Ski \/ Snowboard<\/td><td>Hanjo Wege<\/td><\/tr><tr><td>Wandern<\/td><td>Frank Sch\u00f6nauer \/ Hubertus Edinger<\/td><\/tr><tr><td><\/td><td><\/td><\/tr><\/tbody><\/table><\/figure>\n\n\n\n<h2 class=\"wp-block-heading\"><strong>Bankverbindung des Hauptverein GSV Heidelberg 1954 e.V.<\/strong><\/h2>\n\n\n\n<p>Heidelberger Volksbank<br>IBAN: DE54 6729 0000 0149 7227 00<br>BIC: GENODE61HD1<\/p>\n\n\n\n<h2 class=\"wp-block-heading\"><strong>Kontakt:<\/strong><\/h2>\n\n\n\n<p>Sende eine Nachricht an das Vorstandsteam.<\/p>\n\n\n<div class=\"frm_forms  with_frm_style frm_style_formidable-stil\" id=\"frm_form_2_container\" data-token=\"fa94056d2ccc381dbca31670d8574cba\">\n<form enctype=\"multipart\/form-data\" method=\"post\" class=\"frm-show-form \" id=\"form_kontaktformular\" data-token=\"fa94056d2ccc381dbca31670d8574cba\">\n<div class=\"frm_form_fields \">\n<fieldset>\n<legend class=\"frm_screen_reader\">Kontaktformular<\/legend>\r\n\r\n<div class=\"frm_fields_container\">\n<input type=\"hidden\" name=\"frm_action\" value=\"create\" \/>\n<input type=\"hidden\" name=\"form_id\" value=\"2\" \/>\n<input type=\"hidden\" name=\"frm_hide_fields_2\" id=\"frm_hide_fields_2\" value=\"\" \/>\n<input type=\"hidden\" name=\"form_key\" value=\"kontaktformular\" \/>\n<input type=\"hidden\" name=\"item_meta[0]\" value=\"\" \/>\n<input type=\"hidden\" id=\"frm_submit_entry_2\" name=\"frm_submit_entry_2\" value=\"f75ec65cf2\" \/><input type=\"hidden\" name=\"_wp_http_referer\" value=\"\/index.php?rest_route=%2Fwp%2Fv2%2Fpages%2F160\" \/><div id=\"frm_field_9_container\" class=\"frm_form_field form-field  frm_required_field frm_top_container\">\r\n\t<div  id=\"field_ixl2x_label\" class=\"frm_primary_label\">Vorname und Nachname\r\n\t\t<span class=\"frm_required\" aria-hidden=\"true\">*<\/span>\r\n\t<\/div>\r\n\t<fieldset aria-labelledby=\"field_ixl2x_label\">\n\t<legend class=\"frm_screen_reader frm_hidden\">\n\t\tVorname und Nachname\t<\/legend>\n\n\t<div  class=\"frm_combo_inputs_container\" id=\"frm_combo_inputs_container_9\" data-name-layout=\"first_last\">\n\t\t\t\t\t<div\n\t\t\t\tid=\"frm_field_9-first_container\"\n\t\t\t\tclass=\"frm_form_field form-field frm_form_subfield-first  frm6\"\n\t\t\t\tdata-sub-field-name=\"first\"\n\t\t\t>\n\t\t\t\t<label for=\"field_ixl2x_first\" class=\"frm_screen_reader frm_hidden\">\n\t\t\t\t\tVorname\t\t\t\t<\/label>\n\n\t\t\t\t<input  type=\"text\" id=\"field_ixl2x_first\" value=\"\" name=\"item_meta[9][first]\" autocomplete=\"given-name\" data-reqmsg=\"Vorname und Nachname kann nicht leer sein.\" aria-required=\"true\" data-invmsg=\"Vorname und Nachname ist ung\u00fcltig\" aria-invalid=\"false\"  \/><div class=\"frm_description\" id=\"frm_field_9_first_desc\">Vorname<\/div>\t\t\t<\/div>\n\t\t\t\t\t\t<div\n\t\t\t\tid=\"frm_field_9-last_container\"\n\t\t\t\tclass=\"frm_form_field form-field frm_form_subfield-last  frm6\"\n\t\t\t\tdata-sub-field-name=\"last\"\n\t\t\t>\n\t\t\t\t<label for=\"field_ixl2x_last\" class=\"frm_screen_reader frm_hidden\">\n\t\t\t\t\tNachname\t\t\t\t<\/label>\n\n\t\t\t\t<input  type=\"text\" id=\"field_ixl2x_last\" value=\"\" name=\"item_meta[9][last]\" autocomplete=\"family-name\" data-reqmsg=\"Vorname und Nachname kann nicht leer sein.\" aria-required=\"true\" data-invmsg=\"Vorname und Nachname ist ung\u00fcltig\" aria-invalid=\"false\"  \/><div class=\"frm_description\" id=\"frm_field_9_last_desc\">Nachname<\/div>\t\t\t<\/div>\n\t\t\t\t<\/div>\n<\/fieldset>\n\r\n\t\r\n\t\r\n<\/div>\n<div id=\"frm_field_11_container\" class=\"frm_form_field form-field  frm_required_field frm_top_container\">\r\n\t<label for=\"field_f4hih\" id=\"field_f4hih_label\" class=\"frm_primary_label\">E-Mail\r\n\t\t<span class=\"frm_required\" aria-hidden=\"true\">*<\/span>\r\n\t<\/label>\r\n\t<input type=\"email\" id=\"field_f4hih\" name=\"item_meta[11]\" value=\"\"  data-reqmsg=\"E-Mail kann nicht leer sein.\" aria-required=\"true\" data-invmsg=\"E-Mail ist ung\u00fcltig\" aria-invalid=\"false\"  \/>\r\n\t\r\n\t\r\n<\/div>\n<div id=\"frm_field_12_container\" class=\"frm_form_field form-field  frm_required_field frm_top_container\">\r\n\t<label for=\"field_811mc\" id=\"field_811mc_label\" class=\"frm_primary_label\">Thema\r\n\t\t<span class=\"frm_required\" aria-hidden=\"true\">*<\/span>\r\n\t<\/label>\r\n\t<input type=\"text\" id=\"field_811mc\" name=\"item_meta[12]\" value=\"\"  data-reqmsg=\"Thema kann nicht leer sein.\" aria-required=\"true\" data-invmsg=\"Thema ist ung\u00fcltig\" aria-invalid=\"false\"  \/>\r\n\t\r\n\t\r\n<\/div>\n<div id=\"frm_field_13_container\" class=\"frm_form_field form-field  frm_required_field frm_top_container\">\r\n\t<label for=\"field_2n12y\" id=\"field_2n12y_label\" class=\"frm_primary_label\">Nachricht\r\n\t\t<span class=\"frm_required\" aria-hidden=\"true\">*<\/span>\r\n\t<\/label>\r\n\t<input type=\"text\" id=\"field_2n12y\" name=\"item_meta[13]\" value=\"\"  data-reqmsg=\"Nachricht kann nicht leer sein.\" aria-required=\"true\" data-invmsg=\"Nachricht ist ung\u00fcltig\" aria-invalid=\"false\"  \/>\r\n\t\r\n\t\r\n<\/div>\n<div id=\"frm_field_7_container\" class=\"frm_form_field form-field \">\r\n\t<div class=\"frm_submit frm_flex\">\r\n<button class=\"frm_button_submit\" type=\"submit\"  >Senden<\/button>\r\n\r\n\r\n\r\n<\/div>\r\n<\/div>\n\t<input type=\"hidden\" name=\"item_key\" value=\"\" \/>\n\t\t\t<div id=\"frm_field_14_container\">\n\t\t\t<label for=\"field_f5lgp\" >\n\t\t\t\tFalls Du menschlich bist, lasse dieses Feld leer.\t\t\t<\/label>\n\t\t\t<input  id=\"field_f5lgp\" type=\"text\" class=\"frm_form_field form-field frm_verify\" name=\"item_meta[14]\" value=\"\"  \/>\n\t\t<\/div>\n\t\t<input name=\"frm_state\" type=\"hidden\" value=\"G0Xjk8rkQGOvQcMCDczrDMhdKt9+9XHwzNPCQN16XmM=\" \/><\/div>\n<\/fieldset>\n<\/div>\n\n<p style=\"display: none !important;\" class=\"akismet-fields-container\" data-prefix=\"ak_\"><label>&#916;<textarea name=\"ak_hp_textarea\" cols=\"45\" rows=\"8\" maxlength=\"100\"><\/textarea><\/label><input type=\"hidden\" id=\"ak_js_1\" name=\"ak_js\" value=\"100\"\/><script>document.getElementById( \"ak_js_1\" ).setAttribute( \"value\", ( new Date() ).getTime() );<\/script><\/p><\/form>\n<\/div>\n\n\n\n<p><\/p>\n","protected":false},"excerpt":{"rendered":"<p>Gesch\u00e4ftsf\u00fchrendes Vorstandsteam seit 19.04.2026 Funktion Name 1. Vorsitzender Damien Herboth 2. Vorsitzender Hanjo Wege 1. Hauptkassierer Melissa Anders 2. Hauptkassierer Anna Lange Schriftf\u00fchrer Nicole Weber Beisitzer Funktion Name Beisitzer Nicole Weber Beisitzer Frank Sch\u00f6nauer Abteilungsleiter Funktion Name Fussball \u00d6zg\u00fcr Batu Golf Dennis Stadtm\u00fcller Schwimmen Gerda Reinhard Motorsport Florian Preda Ski \/ Snowboard Hanjo Wege Wandern &hellip; <\/p>\n<p><a class=\"more-link btn\" href=\"https:\/\/www.gsv-heidelberg.de\/?page_id=160\">Weiterlesen<\/a><\/p>\n","protected":false},"author":1,"featured_media":0,"parent":0,"menu_order":0,"comment_status":"open","ping_status":"open","template":"","meta":{"footnotes":""},"class_list":["post-160","page","type-page","status-publish","hentry","nodate","item-wrap"],"_links":{"self":[{"href":"https:\/\/www.gsv-heidelberg.de\/index.php?rest_route=\/wp\/v2\/pages\/160","targetHints":{"allow":["GET"]}}],"collection":[{"href":"https:\/\/www.gsv-heidelberg.de\/index.php?rest_route=\/wp\/v2\/pages"}],"about":[{"href":"https:\/\/www.gsv-heidelberg.de\/index.php?rest_route=\/wp\/v2\/types\/page"}],"author":[{"embeddable":true,"href":"https:\/\/www.gsv-heidelberg.de\/index.php?rest_route=\/wp\/v2\/users\/1"}],"replies":[{"embeddable":true,"href":"https:\/\/www.gsv-heidelberg.de\/index.php?rest_route=%2Fwp%2Fv2%2Fcomments&post=160"}],"version-history":[{"count":56,"href":"https:\/\/www.gsv-heidelberg.de\/index.php?rest_route=\/wp\/v2\/pages\/160\/revisions"}],"predecessor-version":[{"id":9975,"href":"https:\/\/www.gsv-heidelberg.de\/index.php?rest_route=\/wp\/v2\/pages\/160\/revisions\/9975"}],"wp:attachment":[{"href":"https:\/\/www.gsv-heidelberg.de\/index.php?rest_route=%2Fwp%2Fv2%2Fmedia&parent=160"}],"curies":[{"name":"wp","href":"https:\/\/api.w.org\/{rel}","templated":true}]}}