{"id":185,"date":"2011-11-17T04:41:52","date_gmt":"2011-11-17T04:41:52","guid":{"rendered":"http:\/\/gsv-heidelberg.de\/gsv\/?page_id=185"},"modified":"2023-03-15T13:45:11","modified_gmt":"2023-03-15T11:45:11","slug":"sportstaetten","status":"publish","type":"page","link":"https:\/\/www.gsv-heidelberg.de\/?page_id=185","title":{"rendered":"Sportst\u00e4tten"},"content":{"rendered":"\n<h3 class=\"wp-block-heading\">Luise von Baden, Staatliches Sonderp\u00e4dagogisches Bildungs- und Beratungszentrum<\/h3>\n\n\n\n<p><strong>Sporthalle<\/strong><\/p>\n\n\n\n<p>Luise von Baden, Staatliches Sonderp\u00e4dagogisches Bildungs- und Beratungszentrum mit Internat<br>F\u00f6rderschwerpunkte H\u00f6ren und Sprache<br>Sch\u00fctzenhausenstra\u00dfe 34<br>69151 Neckargem\u00fcnd<\/p>\n\n\n\n<h3 class=\"wp-block-heading\">TSV Handschuhsheim<\/h3>\n\n\n\n<p><strong>Au\u00dfenanlage<\/strong><\/p>\n\n\n\n<p>Sportzentrum Nord<br>Tiergartenstra\u00dfe 126<br>69120 Heidelberg<\/p>\n\n\n\n<figure class=\"wp-block-image size-large\"><img loading=\"lazy\" decoding=\"async\" width=\"1024\" height=\"685\" src=\"https:\/\/www.gsv-heidelberg.de\/wp-content\/uploads\/2011\/11\/Kunstrasenplatz_1-1024x685.jpg\" alt=\"\" class=\"wp-image-4233\" srcset=\"https:\/\/www.gsv-heidelberg.de\/wp-content\/uploads\/2011\/11\/Kunstrasenplatz_1-1024x685.jpg 1024w, https:\/\/www.gsv-heidelberg.de\/wp-content\/uploads\/2011\/11\/Kunstrasenplatz_1-500x334.jpg 500w, https:\/\/www.gsv-heidelberg.de\/wp-content\/uploads\/2011\/11\/Kunstrasenplatz_1.jpg 1030w\" sizes=\"auto, (max-width: 1024px) 100vw, 1024px\" \/><\/figure>\n","protected":false},"excerpt":{"rendered":"<p>Luise von Baden, Staatliches Sonderp\u00e4dagogisches Bildungs- und Beratungszentrum Sporthalle Luise von Baden, Staatliches Sonderp\u00e4dagogisches Bildungs- und Beratungszentrum mit InternatF\u00f6rderschwerpunkte H\u00f6ren und SpracheSch\u00fctzenhausenstra\u00dfe 3469151 Neckargem\u00fcnd TSV Handschuhsheim Au\u00dfenanlage Sportzentrum NordTiergartenstra\u00dfe 12669120 Heidelberg<\/p>\n","protected":false},"author":1,"featured_media":0,"parent":0,"menu_order":0,"comment_status":"open","ping_status":"open","template":"","meta":{"footnotes":""},"class_list":["post-185","page","type-page","status-publish","hentry","nodate","item-wrap"],"_links":{"self":[{"href":"https:\/\/www.gsv-heidelberg.de\/index.php?rest_route=\/wp\/v2\/pages\/185","targetHints":{"allow":["GET"]}}],"collection":[{"href":"https:\/\/www.gsv-heidelberg.de\/index.php?rest_route=\/wp\/v2\/pages"}],"about":[{"href":"https:\/\/www.gsv-heidelberg.de\/index.php?rest_route=\/wp\/v2\/types\/page"}],"author":[{"embeddable":true,"href":"https:\/\/www.gsv-heidelberg.de\/index.php?rest_route=\/wp\/v2\/users\/1"}],"replies":[{"embeddable":true,"href":"https:\/\/www.gsv-heidelberg.de\/index.php?rest_route=%2Fwp%2Fv2%2Fcomments&post=185"}],"version-history":[{"count":15,"href":"https:\/\/www.gsv-heidelberg.de\/index.php?rest_route=\/wp\/v2\/pages\/185\/revisions"}],"predecessor-version":[{"id":7987,"href":"https:\/\/www.gsv-heidelberg.de\/index.php?rest_route=\/wp\/v2\/pages\/185\/revisions\/7987"}],"wp:attachment":[{"href":"https:\/\/www.gsv-heidelberg.de\/index.php?rest_route=%2Fwp%2Fv2%2Fmedia&parent=185"}],"curies":[{"name":"wp","href":"https:\/\/api.w.org\/{rel}","templated":true}]}}