{"id":20,"date":"2011-11-04T01:43:31","date_gmt":"2011-11-04T01:43:31","guid":{"rendered":"http:\/\/gsv-heidelberg.de\/gsv\/?page_id=20"},"modified":"2013-09-08T08:39:45","modified_gmt":"2013-09-08T06:39:45","slug":"home","status":"publish","type":"page","link":"https:\/\/www.gsv-heidelberg.de\/?page_id=20","title":{"rendered":"Home"},"content":{"rendered":"<p style=\"text-align: center;\"><a href=\"http:\/\/www.badfv.de\/de\/\"><img loading=\"lazy\" decoding=\"async\" class=\"size-full wp-image-2220 aligncenter\" title=\"Badischer Fussballverband e.V.\" alt=\"\" src=\"http:\/\/gsv-heidelberg.de\/wp-content\/uploads\/2011\/11\/BfV_Banner_728x90.jpg\" width=\"500\" height=\"64\" \/><\/a><\/p>\n<h1 style=\"text-align: center;\"><span style=\"text-align: center;\"><br \/>\nGSV Heidelberg &#8211; Willkommen auf unserer Homepage!<\/span><\/h1>\n<p style=\"text-align: center;\"><strong>&#8222;Einer f\u00fcr alle &#8211; alle f\u00fcr einen.&#8220;<\/strong><\/p>\n<p style=\"text-align: center;\"><img loading=\"lazy\" decoding=\"async\" class=\"size-full wp-image-780 aligncenter\" title=\"GSV Heidelberg\" alt=\"GSV Heidelberg Logo\" src=\"http:\/\/gsv-heidelberg.de\/wp-content\/uploads\/2011\/11\/gsv-heidelberg-logo.png\" width=\"130\" height=\"128\" \/><\/p>\n<h4 style=\"text-align: center;\">Noch nicht den passenden Verein gefunden? Oder du bist neu in Heidelberg? Na, dann komm zum GSV Heidelberg e.V.!<\/h4>\n<p style=\"text-align: center;\"><a target=\"_blank\"><img decoding=\"async\" class=\"aligncenter\" alt=\"\" src=\"http:\/\/www.directcounter.de\/dc\/?uid=673516538\" border=\"0\" \/><\/a><br \/>\n<a href=\"http:\/\/www.directcounter.de\/stats\/673516538.htm\" target=\"_blank\">Statistiken<\/a><\/p>\n<hr \/>\n<h1>Fussball<\/h1>\n<h6>Publiziert am 08. September 2013<\/h6>\n<p><strong>Ergebnisse vom 1. Spieltag der BW Meisterschaft<\/strong><\/p>\n<p>GSV Karlsruhe &#8211; GSV Heidelberg 6:1 (2:1)<br \/>\nTore: Benjamin Schweda<\/p>\n<p>GSC Ludwigsburg &#8211; GSV Heidelberg II 1:2 (1:1)<br \/>\nTore: G\u00f6khan G\u00fcnay, Antonio Benitez-Fabian<\/p>\n<hr \/>\n<h1>Fussball<\/h1>\n<h6>Publiziert am 06. September 2013<\/h6>\n<p>Am 07. September beginnt die Baden-W\u00fcrttembergische Meisterschaft 2013\/14 auf Gro\u00dffeld. Zum 1. Mal in der Geschichte des Vereins treten wir mit 2 Mannschaften an, die 1. und 2. Mannschaft.<br \/>\nMittlerweile haben wir fast 40 Spieler im Spielerkader, was der Grund war eine 2. Mannschaft anzumelden.<\/p>\n<p>Die 1. Mannschaft spielt in der Liga A mit GSG Stuttgart, GSV Karlsruhe, GSV Freiburg und GSV Reutlingen. Das Ziel ist die Qualifikation f\u00fcr die Deutsche Meisterschaft (min. 3. Platz).<\/p>\n<p>Die 2. Mannschaft spielt in der Liga B mit GSC Ludwigsburg, GSC Bodensee, GSG Stuttgart II und GSKg Mannheim. Da die 2. Mannschaft theoretisch nicht aufsteigen darf, ist trotzdem das Ziel in der Liga B ganz oben zu stehen.<\/p>\n<p><a href=\"http:\/\/www.gs-bw.info\/?page_id=373\">Liga A &gt;&gt;<\/a><br \/>\n<a href=\"http:\/\/www.gs-bw.info\/?page_id=375\">Liga B &gt;&gt;<\/a><\/p>\n<hr \/>\n<h1>Schwimmen &#8211; Deaflympics 2013<\/h1>\n<h6>Publiziert am 06. August 2013<\/h6>\n<p>Unser Junge Michael W\u00fcrges vom GSV Heidelberg ist heute gut in Frankfurt angekommen und hat zahlreiche personliche Rekorde und 3 deutsche Juniorenrekorde mit nach Hause gebracht. Jarmila Gupta ist im Moment noch in Sofia und hat zahlreiche deaflympische Diplome und 1 deutscher Rekord in der Staffel geholt.<\/p>\n<p>Herzlichen Gl\u00fcckwunsch an zwei Schwimmer des GSV Heidelberg!<\/p>\n<p><a href=\"http:\/\/gsv-heidelberg.de\/wp-content\/uploads\/2011\/11\/936515_10201847862862255_1032604455_n.jpg\"><img loading=\"lazy\" decoding=\"async\" class=\"aligncenter size-full wp-image-2178\" title=\"936515_10201847862862255_1032604455_n\" alt=\"\" src=\"http:\/\/gsv-heidelberg.de\/wp-content\/uploads\/2011\/11\/936515_10201847862862255_1032604455_n.jpg\" width=\"500\" height=\"350\" \/><\/a><\/p>\n<h1><a title=\"Deaflympics 2013 \u2013 Bericht\" href=\"http:\/\/gsv-heidelberg.de\/deaflympics-2013-bericht\">Deaflympics Bericht &gt;&gt;<\/a><\/h1>\n<hr \/>\n<h1>Schwimmen &#8211; Deaflympics 2013<\/h1>\n<h6>Publiziert am 31. Juli 2013<\/h6>\n<p><strong>Ein deutscher Jugendrekord von Michael W\u00fcrges!<\/strong> Im Vorlauf zeigte Michael W\u00fcrges eine starke Vorstellung.<\/p>\n<p>Der 17-j\u00e4hrige Schwimmer schlug nach 33,07 Sekunden \u00fcber 50 Brust an und unterbot zum ersten Mal bei den Deaflympics am 27. Juli in Sofia \/ Bulgarien seine aufgestellte Bestmarke um 1,41 Sekunden. Das brachte ihm unter 36 Teilnehmern hervorragend den 15. Platz ein.<\/p>\n<p>Jarmila Gupta musste nicht im Vorlauf schwimmen, weil es nur 8 Teilnehmerinnen gab. Bei ihr lief es leider nicht so gut. Im Finale stand f\u00fcr sie eine Zeit von 2:33,78 Minuten \u00fcber 200 m Schmetterling als 5. Platz fest.<\/p>\n<p><a href=\"http:\/\/gsv-heidelberg.de\/wp-content\/uploads\/2011\/11\/1012438_4700474164517_2040178783_n.jpg\"><img loading=\"lazy\" decoding=\"async\" class=\"aligncenter size-full wp-image-2176\" title=\"1012438_4700474164517_2040178783_n\" alt=\"\" src=\"http:\/\/gsv-heidelberg.de\/wp-content\/uploads\/2011\/11\/1012438_4700474164517_2040178783_n.jpg\" width=\"500\" height=\"320\" \/><\/a><br \/>\nFoto: Michaela Gupta &#8211; das deutsche Schwimmteam<\/p>\n<hr \/>\n<h1>Schwimmen &#8211; Deaflympics 2013<\/h1>\n<h6>Publiziert am 26. Juli 2013<\/h6>\n<p><strong>Deaflympics geht bald los<\/strong><\/p>\n<p>Unsere Schwimmer des GSV Heidelberg Jarmila Gupta und Michael W\u00fcrges werden ab 27. Juli 2013 f\u00fcr die deutsche Mannschaft auf verschiedene Strecken starten:<\/p>\n<p><span style=\"text-decoration: underline;\">Jarmila Gupta<\/span><br \/>\n100 m Delphin, 200 m Delphin, 200 m Lagen, 400 m Lagen, 200 m Brust, Staffeln (4 x 100 m Freistil-Staffel, 4 x 200 m Freistil-Staffel und 4 x 100 m Lagen-Staffel)<\/p>\n<p><span style=\"text-decoration: underline;\">Michael W\u00fcrges<\/span><br \/>\n50 m R\u00fccken, 100 m R\u00fccken, 200 m R\u00fccken, 50 m Brust, 100 m Brust, 200 m Brust, 200 m Lagen, 400 m Lagen<\/p>\n<p>GSV Heidelberg h\u00e4lt Jarmila und Michael die Daumen f\u00fcr Sofia sowie toi toi toi f\u00fcr Eure bevorstehenden Wettk\u00e4mpfe und w\u00fcnschen Euch von Herzen einen ganz gro\u00dfen Erfolg und einmalige Momente im gemeinschaftlichen Miteinander der teilnehmenden Nationen.<\/p>\n<p><a href=\"http:\/\/gsv-heidelberg.de\/wp-content\/uploads\/2011\/11\/Folie1-11.jpg\"><img loading=\"lazy\" decoding=\"async\" class=\"aligncenter size-full wp-image-2173\" title=\"Folie1 (1)\" alt=\"\" src=\"http:\/\/gsv-heidelberg.de\/wp-content\/uploads\/2011\/11\/Folie1-11.jpg\" width=\"500\" height=\"200\" \/><\/a><a href=\"http:\/\/gsv-heidelberg.de\/wp-content\/uploads\/2011\/11\/Folie1-1.jpg\"><br \/>\n<\/a><\/p>\n<p><strong>Er\u00f6ffnungsfeier \u2013 Live:<\/strong><\/p>\n<p><a href=\"http:\/\/www.sofia2013.com\/opening-ceremony\">http:\/\/www.sofia2013.com\/opening-ceremony<\/a>, <a href=\"http:\/\/www.h3.tv\/shows.php?show_id=6\">http:\/\/www.h3.tv\/shows.php?show_id=6<\/a><\/p>\n<hr \/>\n<h1>Fussball<\/h1>\n<h6>Publiziert am 05. Juli 2013<\/h6>\n<p style=\"text-align: center;\"><strong>Baden-W\u00fcrttembergischer Kleinfeldmeister der Senioren 2013<\/strong><\/p>\n<p style=\"text-align: center;\"><img loading=\"lazy\" decoding=\"async\" class=\"aligncenter size-full wp-image-2165\" title=\"1016202_547693381954423_2087871060_n\" alt=\"\" src=\"http:\/\/gsv-heidelberg.de\/wp-content\/uploads\/2011\/11\/1016202_547693381954423_2087871060_n.jpg\" width=\"500\" height=\"400\" \/><br \/>\n<strong>Herzlichen Gl\u00fcckwunsch!! \ud83d\ude00 Momentan ist unsere Seniorenmannschaft in Baden-W\u00fcrttemberg die absolute Nr.1!!<\/strong><\/p>\n<p><a href=\"http:\/\/gsv-heidelberg.de\/wp-content\/uploads\/2013\/07\/Ergebnisse_Kleinfeld_Senioren_2013.pdf\">Ergebnisse Senioren &gt;&gt;<\/a><br \/>\n<a href=\"http:\/\/gsv-heidelberg.de\/wp-content\/uploads\/2013\/07\/Ergebnisse_Kleinfeld_Herren_2013.pdf\"> Ergebnisse Herren &gt;&gt;<\/a><\/p>\n<hr \/>\n<h1>Fussball<\/h1>\n<h6>Publiziert am 25.Juni 2013<\/h6>\n<p>Bei der 1. Deaf Beach Soccer Cup am 22. Juni 2013 in Frankfurt gewann unsere Fussballmannschaft hochverdient mit 8 Punkten Vorsprung!<\/p>\n<p><a title=\"Deaf Beach Soccer 22.06.13 in Frankfurt\" href=\"http:\/\/gsv-heidelberg.de\/deaf-beach-soccer-22-06-13-in-frankfurt\">Bericht &amp; Fotos &gt;&gt;<\/a><\/p>\n<hr \/>\n<h1>Schwimmen &#8211; Deaflympics 2013<\/h1>\n<h6>Publiziert am 25.Juni 2013<\/h6>\n<p><strong>Unsere Schwimmer Jarmila Gupta und Michael W\u00fcrges sind bei der Deaflympics 2013 in Sofia (Bulgarien) dabei!!!<\/strong><br \/>\n<strong> Herzlichen Gl\u00fcckwunsch!! Wir w\u00fcnschen euch beiden viel Gl\u00fcck und Erfolg!!<\/strong><\/p>\n<p><a href=\"http:\/\/gsv-heidelberg.de\/wp-content\/uploads\/2011\/11\/Unbenannt.jpg\"><img loading=\"lazy\" decoding=\"async\" class=\"size-full wp-image-2153 aligncenter\" title=\"Unbenannt\" alt=\"\" src=\"http:\/\/gsv-heidelberg.de\/wp-content\/uploads\/2011\/11\/Unbenannt.jpg\" width=\"256\" height=\"171\" \/><\/a><\/p>\n<p><a href=\"http:\/\/www.dg-sv.de\/deaflympics\/dgsteam.php?team=sw&amp;styles=standard\">Deutscher Geh\u00f6rlosen Sportverband &#8211; Schwimmkader &gt;&gt;<\/a><\/p>\n<hr \/>\n<h1>Schwimmen<\/h1>\n<h6>Publiziert am 12. Juni 2013<\/h6>\n<p><strong>Ergebnisse der Deutschen Geh\u00f6rlosen \u2013 Sch\u00fcler, \u2013 Jugend \u2013 und Einzelmeisterschaften im Schwimmen<\/strong> am 01. Juni 2013 in Hamm im Rahmen des Landessportfest des Geh\u00f6rlosen-Sportverband NRW<\/p>\n<p><a title=\"Schwimmen \u2013 Deutschen Geh\u00f6rlosen Einzelmeisterschaften beim NRW-Sportfest am 01. Juni 2013 in Hamm\" href=\"http:\/\/gsv-heidelberg.de\/schwimmen-deutschen-gehorlosen-einzelmeisterschaften-beim-nrw-sportfest-am-01-juni-2013-in-hamm\">Bericht &amp; Fotos &gt;&gt;<\/a><\/p>\n<hr \/>\n<h1>Schwimmen<\/h1>\n<h6>Publiziert am 12. Juni 2013<\/h6>\n<p><strong>Jugendsportlerehrung 2013<\/strong><br \/>\nOberb\u00fcrgermeister Dr. Eckart W\u00fcrnzer ehrte unsere drei Schwimmer Michael W\u00fcrges, Miriam Nafar und Annika Klappenecker.<\/p>\n<p><a title=\"Schwimmen \u2013 Jugendsportlerehrung 2013\" href=\"http:\/\/gsv-heidelberg.de\/schwimmen-jugendsportlerehrung-2013\">Bericht &amp; Fotos\u00a0\u00a0&gt;&gt;<\/a><\/p>\n<p>&nbsp;<\/p>\n<p style=\"text-align: justify;\">\n","protected":false},"excerpt":{"rendered":"<p>GSV Heidelberg &#8211; Willkommen auf unserer Homepage! &#8222;Einer f\u00fcr alle &#8211; alle f\u00fcr einen.&#8220; Noch nicht den passenden Verein gefunden? Oder du bist neu in Heidelberg? Na, dann komm zum GSV Heidelberg e.V.! Statistiken Fussball Publiziert am 08. September 2013 Ergebnisse vom 1. Spieltag der BW Meisterschaft GSV Karlsruhe &#8211; GSV Heidelberg 6:1 (2:1) Tore: &hellip; <\/p>\n<p><a class=\"more-link btn\" href=\"https:\/\/www.gsv-heidelberg.de\/?page_id=20\">Weiterlesen<\/a><\/p>\n","protected":false},"author":1,"featured_media":0,"parent":0,"menu_order":0,"comment_status":"open","ping_status":"open","template":"","meta":{"footnotes":""},"class_list":["post-20","page","type-page","status-publish","hentry","nodate","item-wrap"],"_links":{"self":[{"href":"https:\/\/www.gsv-heidelberg.de\/index.php?rest_route=\/wp\/v2\/pages\/20","targetHints":{"allow":["GET"]}}],"collection":[{"href":"https:\/\/www.gsv-heidelberg.de\/index.php?rest_route=\/wp\/v2\/pages"}],"about":[{"href":"https:\/\/www.gsv-heidelberg.de\/index.php?rest_route=\/wp\/v2\/types\/page"}],"author":[{"embeddable":true,"href":"https:\/\/www.gsv-heidelberg.de\/index.php?rest_route=\/wp\/v2\/users\/1"}],"replies":[{"embeddable":true,"href":"https:\/\/www.gsv-heidelberg.de\/index.php?rest_route=%2Fwp%2Fv2%2Fcomments&post=20"}],"version-history":[{"count":181,"href":"https:\/\/www.gsv-heidelberg.de\/index.php?rest_route=\/wp\/v2\/pages\/20\/revisions"}],"predecessor-version":[{"id":2981,"href":"https:\/\/www.gsv-heidelberg.de\/index.php?rest_route=\/wp\/v2\/pages\/20\/revisions\/2981"}],"wp:attachment":[{"href":"https:\/\/www.gsv-heidelberg.de\/index.php?rest_route=%2Fwp%2Fv2%2Fmedia&parent=20"}],"curies":[{"name":"wp","href":"https:\/\/api.w.org\/{rel}","templated":true}]}}