{"id":28,"date":"2011-11-04T01:56:30","date_gmt":"2011-11-04T01:56:30","guid":{"rendered":"http:\/\/gsv-heidelberg.de\/gsv\/?page_id=28"},"modified":"2025-02-24T12:01:42","modified_gmt":"2025-02-24T10:01:42","slug":"volleyball","status":"publish","type":"page","link":"https:\/\/www.gsv-heidelberg.de\/?page_id=28","title":{"rendered":"Volleyball"},"content":{"rendered":"<div class=\"wp-block-image\">\n<figure class=\"aligncenter\"><img decoding=\"async\" src=\"http:\/\/gsv-heidelberg.de\/wp-content\/uploads\/2012\/05\/P10303172.jpg\" alt=\"\" class=\"wp-image-89\" title=\"\"\/><\/figure><\/div>\n\n\n<p>1990 gr\u00fcndete Anita Heidrich die Volleyballabteilung. Schon zum damaligen Zeitpunkt war das H\u00f6r-Sprachzentrum Neckargem\u00fcnd\/Heidelberg ein treuer Begleiter und es bestand die M\u00f6glichkeit das w\u00f6chentliche Training in der Schulsporthalle Neckargem\u00fcnd durchzuf\u00fchren. Nach gut 1 Jahr intensiven Vorbereitung nahm die Volleyballmannschaft an verschiedenen Meisterschaften teil und brachte so manch Titel mit nach Heidelberg. Leider verstarb die Gr\u00fcnderin Anita Heidrich unerwartet fr\u00fch und man gab sich alle M\u00fche weiterhin die Abteilung aufrecht zu halten und die Arbeit von Anita fortzusetzen. Als zum sp\u00e4teren Zeitpunkt sehr viele Damen wegen Familiengr\u00fcndung das Volleyball spielen nicht fortsetzen konnten, wurde die Abteilung bis ins Jahr 2003 stillgelegt. Letztes Jahr nahm man u.a. bereits wieder an der Deutschen Meisterschaft in Halle teil und konnte \u00fcberraschend eine gute Platzierung holen.<\/p>\n\n\n\n<p>Dank dem Kooperationsvertrag wurde die Abteilung wieder ins Leben gerufen. Nun hoffen Andrea Sch\u00f6nauer und Nicole Weber, dass viele Mitglieder wieder auf dem Geschmack kommen mitzumachen, Spa\u00df am Volleyball spielen zu finden damit bereits in K\u00fcrze eine richtige Damen oder Herren Mannschaft gegr\u00fcndet werden kann.<\/p>\n\n\n\n<h2 class=\"wp-block-heading\">Kontakt<\/h2>\n\n\n\n<p><strong>Volleyball-Leiterin:<\/strong> Nicole Weber<\/p>\n\n\n\n<p>Sende eine Nachricht an den Abteilungsleiter.<\/p>\n\n\n<div class=\"frm_forms  with_frm_style frm_style_formidable-stil\" id=\"frm_form_2_container\" data-token=\"07ad5e0255fb51fd6e8c83a1c4bf4b4e\">\n<form enctype=\"multipart\/form-data\" method=\"post\" class=\"frm-show-form \" id=\"form_kontaktformular\" data-token=\"07ad5e0255fb51fd6e8c83a1c4bf4b4e\">\n<div class=\"frm_form_fields \">\n<fieldset>\n<legend class=\"frm_screen_reader\">Kontaktformular<\/legend>\r\n\r\n<div class=\"frm_fields_container\">\n<input type=\"hidden\" name=\"frm_action\" value=\"create\" \/>\n<input type=\"hidden\" name=\"form_id\" value=\"2\" \/>\n<input type=\"hidden\" name=\"frm_hide_fields_2\" id=\"frm_hide_fields_2\" value=\"\" \/>\n<input type=\"hidden\" name=\"form_key\" value=\"kontaktformular\" \/>\n<input type=\"hidden\" name=\"item_meta[0]\" value=\"\" \/>\n<input type=\"hidden\" id=\"frm_submit_entry_2\" name=\"frm_submit_entry_2\" value=\"13addd5d05\" \/><input type=\"hidden\" name=\"_wp_http_referer\" value=\"\/index.php?rest_route=%2Fwp%2Fv2%2Fpages%2F28\" \/><div id=\"frm_field_9_container\" class=\"frm_form_field form-field  frm_required_field frm_top_container\">\r\n\t<div  id=\"field_ixl2x_label\" class=\"frm_primary_label\">Vorname und Nachname\r\n\t\t<span class=\"frm_required\" aria-hidden=\"true\">*<\/span>\r\n\t<\/div>\r\n\t<fieldset aria-labelledby=\"field_ixl2x_label\">\n\t<legend class=\"frm_screen_reader frm_hidden\">\n\t\tVorname und Nachname\t<\/legend>\n\n\t<div  class=\"frm_combo_inputs_container\" id=\"frm_combo_inputs_container_9\" data-name-layout=\"first_last\">\n\t\t\t\t\t<div\n\t\t\t\tid=\"frm_field_9-first_container\"\n\t\t\t\tclass=\"frm_form_field form-field frm_form_subfield-first  frm6\"\n\t\t\t\tdata-sub-field-name=\"first\"\n\t\t\t>\n\t\t\t\t<label for=\"field_ixl2x_first\" class=\"frm_screen_reader frm_hidden\">\n\t\t\t\t\tVorname\t\t\t\t<\/label>\n\n\t\t\t\t<input  type=\"text\" id=\"field_ixl2x_first\" value=\"\" name=\"item_meta[9][first]\" autocomplete=\"given-name\" data-reqmsg=\"Vorname und Nachname kann nicht leer sein.\" aria-required=\"true\" data-invmsg=\"Vorname und Nachname ist ung\u00fcltig\" aria-invalid=\"false\"  \/><div class=\"frm_description\" id=\"frm_field_9_first_desc\">Vorname<\/div>\t\t\t<\/div>\n\t\t\t\t\t\t<div\n\t\t\t\tid=\"frm_field_9-last_container\"\n\t\t\t\tclass=\"frm_form_field form-field frm_form_subfield-last  frm6\"\n\t\t\t\tdata-sub-field-name=\"last\"\n\t\t\t>\n\t\t\t\t<label for=\"field_ixl2x_last\" class=\"frm_screen_reader frm_hidden\">\n\t\t\t\t\tNachname\t\t\t\t<\/label>\n\n\t\t\t\t<input  type=\"text\" id=\"field_ixl2x_last\" value=\"\" name=\"item_meta[9][last]\" autocomplete=\"family-name\" data-reqmsg=\"Vorname und Nachname kann nicht leer sein.\" aria-required=\"true\" data-invmsg=\"Vorname und Nachname ist ung\u00fcltig\" aria-invalid=\"false\"  \/><div class=\"frm_description\" id=\"frm_field_9_last_desc\">Nachname<\/div>\t\t\t<\/div>\n\t\t\t\t<\/div>\n<\/fieldset>\n\r\n\t\r\n\t\r\n<\/div>\n<div id=\"frm_field_11_container\" class=\"frm_form_field form-field  frm_required_field frm_top_container\">\r\n\t<label for=\"field_f4hih\" id=\"field_f4hih_label\" class=\"frm_primary_label\">E-Mail\r\n\t\t<span class=\"frm_required\" aria-hidden=\"true\">*<\/span>\r\n\t<\/label>\r\n\t<input type=\"email\" id=\"field_f4hih\" name=\"item_meta[11]\" value=\"\"  data-reqmsg=\"E-Mail kann nicht leer sein.\" aria-required=\"true\" data-invmsg=\"E-Mail ist ung\u00fcltig\" aria-invalid=\"false\"  \/>\r\n\t\r\n\t\r\n<\/div>\n<div id=\"frm_field_12_container\" class=\"frm_form_field form-field  frm_required_field frm_top_container\">\r\n\t<label for=\"field_811mc\" id=\"field_811mc_label\" class=\"frm_primary_label\">Thema\r\n\t\t<span class=\"frm_required\" aria-hidden=\"true\">*<\/span>\r\n\t<\/label>\r\n\t<input type=\"text\" id=\"field_811mc\" name=\"item_meta[12]\" value=\"\"  data-reqmsg=\"Thema kann nicht leer sein.\" aria-required=\"true\" data-invmsg=\"Thema ist ung\u00fcltig\" aria-invalid=\"false\"  \/>\r\n\t\r\n\t\r\n<\/div>\n<div id=\"frm_field_13_container\" class=\"frm_form_field form-field  frm_required_field frm_top_container\">\r\n\t<label for=\"field_2n12y\" id=\"field_2n12y_label\" class=\"frm_primary_label\">Nachricht\r\n\t\t<span class=\"frm_required\" aria-hidden=\"true\">*<\/span>\r\n\t<\/label>\r\n\t<input type=\"text\" id=\"field_2n12y\" name=\"item_meta[13]\" value=\"\"  data-reqmsg=\"Nachricht kann nicht leer sein.\" aria-required=\"true\" data-invmsg=\"Nachricht ist ung\u00fcltig\" aria-invalid=\"false\"  \/>\r\n\t\r\n\t\r\n<\/div>\n<div id=\"frm_field_7_container\" class=\"frm_form_field form-field \">\r\n\t<div class=\"frm_submit frm_flex\">\r\n<button class=\"frm_button_submit\" type=\"submit\"  >Senden<\/button>\r\n\r\n\r\n\r\n<\/div>\r\n<\/div>\n\t<input type=\"hidden\" name=\"item_key\" value=\"\" \/>\n\t\t\t<div id=\"frm_field_14_container\">\n\t\t\t<label for=\"field_r3ejc\" >\n\t\t\t\tFalls Du menschlich bist, lasse dieses Feld leer.\t\t\t<\/label>\n\t\t\t<input  id=\"field_r3ejc\" type=\"text\" class=\"frm_form_field form-field frm_verify\" name=\"item_meta[14]\" value=\"\"  \/>\n\t\t<\/div>\n\t\t<input name=\"frm_state\" type=\"hidden\" value=\"G0Xjk8rkQGOvQcMCDczrDMhdKt9+9XHwzNPCQN16XmM=\" \/><\/div>\n<\/fieldset>\n<\/div>\n\n<p style=\"display: none !important;\" class=\"akismet-fields-container\" data-prefix=\"ak_\"><label>&#916;<textarea name=\"ak_hp_textarea\" cols=\"45\" rows=\"8\" maxlength=\"100\"><\/textarea><\/label><input type=\"hidden\" id=\"ak_js_1\" name=\"ak_js\" value=\"214\"\/><script>document.getElementById( \"ak_js_1\" ).setAttribute( \"value\", ( new Date() ).getTime() );<\/script><\/p><\/form>\n<\/div>\n","protected":false},"excerpt":{"rendered":"<p>1990 gr\u00fcndete Anita Heidrich die Volleyballabteilung. Schon zum damaligen Zeitpunkt war das H\u00f6r-Sprachzentrum Neckargem\u00fcnd\/Heidelberg ein treuer Begleiter und es bestand die M\u00f6glichkeit das w\u00f6chentliche Training in der Schulsporthalle Neckargem\u00fcnd durchzuf\u00fchren. Nach gut 1 Jahr intensiven Vorbereitung nahm die Volleyballmannschaft an verschiedenen Meisterschaften teil und brachte so manch Titel mit nach Heidelberg. Leider verstarb die Gr\u00fcnderin &hellip; <\/p>\n<p><a class=\"more-link btn\" href=\"https:\/\/www.gsv-heidelberg.de\/?page_id=28\">Weiterlesen<\/a><\/p>\n","protected":false},"author":1,"featured_media":0,"parent":0,"menu_order":0,"comment_status":"open","ping_status":"open","template":"","meta":{"footnotes":""},"class_list":["post-28","page","type-page","status-publish","hentry","nodate","item-wrap"],"_links":{"self":[{"href":"https:\/\/www.gsv-heidelberg.de\/index.php?rest_route=\/wp\/v2\/pages\/28","targetHints":{"allow":["GET"]}}],"collection":[{"href":"https:\/\/www.gsv-heidelberg.de\/index.php?rest_route=\/wp\/v2\/pages"}],"about":[{"href":"https:\/\/www.gsv-heidelberg.de\/index.php?rest_route=\/wp\/v2\/types\/page"}],"author":[{"embeddable":true,"href":"https:\/\/www.gsv-heidelberg.de\/index.php?rest_route=\/wp\/v2\/users\/1"}],"replies":[{"embeddable":true,"href":"https:\/\/www.gsv-heidelberg.de\/index.php?rest_route=%2Fwp%2Fv2%2Fcomments&post=28"}],"version-history":[{"count":24,"href":"https:\/\/www.gsv-heidelberg.de\/index.php?rest_route=\/wp\/v2\/pages\/28\/revisions"}],"predecessor-version":[{"id":9182,"href":"https:\/\/www.gsv-heidelberg.de\/index.php?rest_route=\/wp\/v2\/pages\/28\/revisions\/9182"}],"wp:attachment":[{"href":"https:\/\/www.gsv-heidelberg.de\/index.php?rest_route=%2Fwp%2Fv2%2Fmedia&parent=28"}],"curies":[{"name":"wp","href":"https:\/\/api.w.org\/{rel}","templated":true}]}}