{"id":313,"date":"2011-11-27T14:57:01","date_gmt":"2011-11-27T14:57:01","guid":{"rendered":"http:\/\/gsv-heidelberg.de\/gsv\/?page_id=313"},"modified":"2013-09-27T08:30:32","modified_gmt":"2013-09-27T06:30:32","slug":"links","status":"publish","type":"page","link":"https:\/\/www.gsv-heidelberg.de\/?page_id=313","title":{"rendered":"Links"},"content":{"rendered":"<p><span style=\"color: #2c2b2b; font-family: arial, sans-serif; font-size: 12px; line-height: 18px;\">Hinweis: Nicht jeder Sportverein hat eine Homepage.<\/span><\/p>\n<h2>Baden-W\u00fcrttemberg<\/h2>\n<div class=\"tabx\"><a href=\"http:\/\/www.gsvfreiburg.de\">GSV Freiburg<\/a><\/div>\n<div class=\"tabx\"><a href=\"http:\/\/gsg-stuttgart.de\/\">GSG Stuttgart<\/a><\/div>\n<div class=\"tabx\"><a href=\"http:\/\/www.gsv-karlsruhe.de\/\">GSV Karlsruhe<\/a><\/div>\n<div class=\"tabx\"><a href=\"http:\/\/gsv-heidelberg.de\">GSV Heidelberg<\/a><\/div>\n<div class=\"tabx\"><a href=\"http:\/\/www.gfsc-ortenau.de\/\">GFSC Ortenau<\/a><\/div>\n<div class=\"tabx\"><a href=\"http:\/\/gscbodensee.de\/\">GSC Bodensee<\/a><\/div>\n<div class=\"tabx\"><a href=\"http:\/\/www.gsv-reutlingen.de\/\">GSV Reutlingen<\/a><\/div>\n<div class=\"tabx\"><a href=\"http:\/\/www.gsc-ludwigsburg.com\/\">GSC Ludwigburg<\/a><\/div>\n<p><a href=\"http:\/\/www.gsg-schwaebisch-gmuend.info\/\">GSG Schw. Gem\u00fcnd<\/a><\/p>\n<p><img loading=\"lazy\" decoding=\"async\" class=\"alignnone size-full wp-image-300\" title=\"\" alt=\"\" src=\"http:\/\/gsv-heidelberg.de\/gsv\/wp-content\/uploads\/2011\/11\/abstand1.png\" width=\"500\" height=\"20\" srcset=\"https:\/\/www.gsv-heidelberg.de\/wp-content\/uploads\/2011\/11\/abstand1.png 500w, https:\/\/www.gsv-heidelberg.de\/wp-content\/uploads\/2011\/11\/abstand1-300x12.png 300w\" sizes=\"auto, (max-width: 500px) 100vw, 500px\" \/><\/p>\n<h2>Bayern<\/h2>\n<div class=\"tabx\">GSC N\u00fcrnberg<\/div>\n<div class=\"tabx\">GVIUS Ingolstadt<\/div>\n<div class=\"tabx\">GSV Bamberg<\/div>\n<div class=\"tabx\">GSV W\u00fcrzburg<\/div>\n<div class=\"tabx\">GSV M\u00fcnchen<\/div>\n<div class=\"tabx\">GSV Augsburg<\/div>\n<div class=\"tabx\">GSV Straubing<\/div>\n<div class=\"tabx\">GBF M\u00fcnchen<\/div>\n<p><img loading=\"lazy\" decoding=\"async\" class=\"alignnone size-full wp-image-300\" title=\"\" alt=\"\" src=\"http:\/\/gsv-heidelberg.de\/gsv\/wp-content\/uploads\/2011\/11\/abstand1.png\" width=\"500\" height=\"20\" srcset=\"https:\/\/www.gsv-heidelberg.de\/wp-content\/uploads\/2011\/11\/abstand1.png 500w, https:\/\/www.gsv-heidelberg.de\/wp-content\/uploads\/2011\/11\/abstand1-300x12.png 300w\" sizes=\"auto, (max-width: 500px) 100vw, 500px\" \/><\/p>\n<h2>Norddeutschland<\/h2>\n<div class=\"tabx\">Hamburger GSV<\/div>\n<div class=\"tabx\">GSV Hildesheim<\/div>\n<div class=\"tabx\">GSC G\u00f6ttingen<\/div>\n<div class=\"tabx\">HSC Schleswig<\/div>\n<p><img loading=\"lazy\" decoding=\"async\" class=\"alignnone size-full wp-image-300\" title=\"\" alt=\"\" src=\"http:\/\/gsv-heidelberg.de\/gsv\/wp-content\/uploads\/2011\/11\/abstand1.png\" width=\"500\" height=\"20\" srcset=\"https:\/\/www.gsv-heidelberg.de\/wp-content\/uploads\/2011\/11\/abstand1.png 500w, https:\/\/www.gsv-heidelberg.de\/wp-content\/uploads\/2011\/11\/abstand1-300x12.png 300w\" sizes=\"auto, (max-width: 500px) 100vw, 500px\" \/><\/p>\n<h2>Nordrhein Westfalen<\/h2>\n<div class=\"tabx\">GTSV Essen<\/div>\n<div class=\"tabx\">GSV D\u00fcsseldorf<\/div>\n<div class=\"tabx\">GSV Duisburg<\/div>\n<div class=\"tabx\">K\u00f6lner GSV<\/div>\n<div class=\"tabx\">GFC Werdohl<\/div>\n<div class=\"tabx\">GSV Bielefeld<\/div>\n<div class=\"tabx\">HSV Wesel<\/div>\n<div class=\"tabx\">GSF D\u00f6nberg<\/div>\n<div class=\"tabx\">T\u00fcrk.GSC D\u00fcsseldorf<\/div>\n<div class=\"tabx\">GSC Hamm<\/div>\n<div class=\"tabx\">GSV Recklinghausen<\/div>\n<div class=\"tabx\">GSC Bonn<\/div>\n<div class=\"tabx\">GSKC Siegen<\/div>\n<div class=\"tabx\">GSC Paderborn<\/div>\n<p><img loading=\"lazy\" decoding=\"async\" class=\"alignnone size-full wp-image-300\" title=\"\" alt=\"\" src=\"http:\/\/gsv-heidelberg.de\/gsv\/wp-content\/uploads\/2011\/11\/abstand1.png\" width=\"500\" height=\"20\" srcset=\"https:\/\/www.gsv-heidelberg.de\/wp-content\/uploads\/2011\/11\/abstand1.png 500w, https:\/\/www.gsv-heidelberg.de\/wp-content\/uploads\/2011\/11\/abstand1-300x12.png 300w\" sizes=\"auto, (max-width: 500px) 100vw, 500px\" \/><\/p>\n<h2>Ostdeutschland<\/h2>\n<div class=\"tabx\">BSC Comet Berlin<\/div>\n<div class=\"tabx\">Dresdner GSV<\/div>\n<div class=\"tabx\">GSV Leipzig<\/div>\n<div class=\"tabx\">GSV Chemnitz<\/div>\n<div class=\"tabx\">HGSV Ludwigslust<\/div>\n<div class=\"tabx\">GSV Rostock<\/div>\n<p><img loading=\"lazy\" decoding=\"async\" class=\"alignnone size-full wp-image-300\" title=\"\" alt=\"\" src=\"http:\/\/gsv-heidelberg.de\/gsv\/wp-content\/uploads\/2011\/11\/abstand1.png\" width=\"500\" height=\"20\" srcset=\"https:\/\/www.gsv-heidelberg.de\/wp-content\/uploads\/2011\/11\/abstand1.png 500w, https:\/\/www.gsv-heidelberg.de\/wp-content\/uploads\/2011\/11\/abstand1-300x12.png 300w\" sizes=\"auto, (max-width: 500px) 100vw, 500px\" \/><\/p>\n<h2>S\u00fcdwestdeutschland<\/h2>\n<div class=\"tabx\">GTSV Frankfurt<\/div>\n<div class=\"tabx\">GSV Darmstadt<\/div>\n<div class=\"tabx\">GSC Frankenthal<\/div>\n<div class=\"tabx\">GSV Trier<\/div>\n<div class=\"tabx\">GSVg Saarbr\u00fccken<\/div>\n<p><img loading=\"lazy\" decoding=\"async\" class=\"alignnone size-full wp-image-300\" title=\"\" alt=\"\" src=\"http:\/\/gsv-heidelberg.de\/gsv\/wp-content\/uploads\/2011\/11\/abstand1.png\" width=\"500\" height=\"20\" srcset=\"https:\/\/www.gsv-heidelberg.de\/wp-content\/uploads\/2011\/11\/abstand1.png 500w, https:\/\/www.gsv-heidelberg.de\/wp-content\/uploads\/2011\/11\/abstand1-300x12.png 300w\" sizes=\"auto, (max-width: 500px) 100vw, 500px\" \/><\/p>\n<h2>Allgemeine Links<\/h2>\n<div class=\"tabx2\"><a href=\"http:\/\/www.dg-sv.de\/\" target=\"_blank\">Deutsche Geh\u00f6rlosen-Sportverband e.V.<\/a><\/div>\n<div class=\"tabx2\"><a href=\"http:\/\/www.badischer-sportbund.de\" target=\"_blank\">Badischer Sportbund Nord e.V.<\/a><\/div>\n<div class=\"tabx2\"><a href=\"http:\/\/www.gs-bw.info\/cms\/\" target=\"_blank\">Geh\u00f6rlosen-Sportverband BW e.V.<\/a><\/div>\n<div class=\"tabx2\"><a href=\"http:\/\/badfv.de\/\" target=\"_blank\">Badischer Fu\u00dfballverbund e.V.<\/a><\/div>\n<div class=\"tabx2\"><a href=\"http:\/\/www.dgs-fussball.de\" target=\"_blank\">Dt. Geh\u00f6rlosen-Sportverband e.V.<\/a><\/div>\n<p>&nbsp;<\/p>\n<div class=\"tabx2\"><a href=\"http:\/\/www.hsz-hdn.de\/\" target=\"_blank\">H\u00f6r-Sprachzentrum Heidelberg\/Neckargem\u00fcnd<\/a><\/div>\n","protected":false},"excerpt":{"rendered":"<p>Hinweis: Nicht jeder Sportverein hat eine Homepage. Baden-W\u00fcrttemberg GSV Freiburg GSG Stuttgart GSV Karlsruhe GSV Heidelberg GFSC Ortenau GSC Bodensee GSV Reutlingen GSC Ludwigburg GSG Schw. Gem\u00fcnd Bayern GSC N\u00fcrnberg GVIUS Ingolstadt GSV Bamberg GSV W\u00fcrzburg GSV M\u00fcnchen GSV Augsburg GSV Straubing GBF M\u00fcnchen Norddeutschland Hamburger GSV GSV Hildesheim GSC G\u00f6ttingen HSC Schleswig Nordrhein Westfalen &hellip; <\/p>\n<p><a class=\"more-link btn\" href=\"https:\/\/www.gsv-heidelberg.de\/?page_id=313\">Weiterlesen<\/a><\/p>\n","protected":false},"author":1,"featured_media":0,"parent":0,"menu_order":0,"comment_status":"open","ping_status":"open","template":"","meta":{"footnotes":""},"class_list":["post-313","page","type-page","status-publish","hentry","nodate","item-wrap"],"_links":{"self":[{"href":"https:\/\/www.gsv-heidelberg.de\/index.php?rest_route=\/wp\/v2\/pages\/313","targetHints":{"allow":["GET"]}}],"collection":[{"href":"https:\/\/www.gsv-heidelberg.de\/index.php?rest_route=\/wp\/v2\/pages"}],"about":[{"href":"https:\/\/www.gsv-heidelberg.de\/index.php?rest_route=\/wp\/v2\/types\/page"}],"author":[{"embeddable":true,"href":"https:\/\/www.gsv-heidelberg.de\/index.php?rest_route=\/wp\/v2\/users\/1"}],"replies":[{"embeddable":true,"href":"https:\/\/www.gsv-heidelberg.de\/index.php?rest_route=%2Fwp%2Fv2%2Fcomments&post=313"}],"version-history":[{"count":32,"href":"https:\/\/www.gsv-heidelberg.de\/index.php?rest_route=\/wp\/v2\/pages\/313\/revisions"}],"predecessor-version":[{"id":3011,"href":"https:\/\/www.gsv-heidelberg.de\/index.php?rest_route=\/wp\/v2\/pages\/313\/revisions\/3011"}],"wp:attachment":[{"href":"https:\/\/www.gsv-heidelberg.de\/index.php?rest_route=%2Fwp%2Fv2%2Fmedia&parent=313"}],"curies":[{"name":"wp","href":"https:\/\/api.w.org\/{rel}","templated":true}]}}