{"id":36,"date":"2011-11-04T02:12:41","date_gmt":"2011-11-04T02:12:41","guid":{"rendered":"http:\/\/gsv-heidelberg.de\/gsv\/?page_id=36"},"modified":"2019-02-15T10:10:46","modified_gmt":"2019-02-15T08:10:46","slug":"fussball-saison","status":"publish","type":"page","link":"https:\/\/www.gsv-heidelberg.de\/?page_id=36","title":{"rendered":"Fussball | Statistik"},"content":{"rendered":"<p><span style=\"font-size: 12pt;\">Website des Geh\u00f6rlosen Sportverband Baden-W\u00fcrttemberg e.V.: <a href=\"http:\/\/www.gs-bw.info\/\">www.gs-bw.info<\/a><\/span><\/p>\n<p><span style=\"font-size: 12pt;\">Website des Deutschen Geh\u00f6rlosen Sportverband &#8211; Sparte Fussball: <a href=\"http:\/\/www.dgs-fussball.de\">www.dgs-fussball.de<\/a><\/span><\/p>\n<p><span style=\"text-decoration: underline; font-size: 12pt;\">Baden-W\u00fcrttembergische-Meisterschaft auf Gro\u00dffeld (S\u00fcdwest-Meisterschaft ab 2016)<\/span><\/p>\n<p><span style=\"font-size: 12pt;\"><a href=\"http:\/\/gsv-heidelberg.de\/wp-content\/uploads\/2012\/07\/BW-2000-2001.pdf\">2000\/01<\/a> &#8211; <a href=\"http:\/\/gsv-heidelberg.de\/wp-content\/uploads\/2012\/07\/BW-2001-2002.pdf\">2001\/02<\/a> &#8211; <a href=\"http:\/\/gsv-heidelberg.de\/wp-content\/uploads\/2012\/07\/BW-2002-2003.pdf\">2002\/03<\/a> &#8211; <a href=\"http:\/\/gsv-heidelberg.de\/wp-content\/uploads\/2012\/07\/BW-2003-2004.pdf\">2003\/04<\/a> &#8211; <a href=\"http:\/\/gsv-heidelberg.de\/wp-content\/uploads\/2012\/07\/BW-2004-2005.pdf\">2004\/05<\/a> &#8211; <a href=\"http:\/\/gsv-heidelberg.de\/wp-content\/uploads\/2012\/07\/BW-2005-2006.pdf\">2005\/06<\/a> &#8211; <a href=\"http:\/\/gsv-heidelberg.de\/wp-content\/uploads\/2012\/07\/BW-2006-2007.pdf\">2006\/07<\/a> &#8211; <a href=\"http:\/\/gsv-heidelberg.de\/wp-content\/uploads\/2012\/07\/BW-2007-2008.pdf\">2007\/08<\/a> &#8211; <a href=\"http:\/\/gsv-heidelberg.de\/wp-content\/uploads\/2012\/07\/BW-2008-2009.pdf\">2008\/09<\/a> &#8211; <a href=\"http:\/\/gsv-heidelberg.de\/wp-content\/uploads\/2012\/07\/BW-2009-2010.pdf\">2009\/10<\/a> &#8211; <a href=\"http:\/\/gsv-heidelberg.de\/wp-content\/uploads\/2012\/07\/BW-2010-2011.pdf\">2010\/11<\/a> &#8211; <a href=\"http:\/\/gsv-heidelberg.de\/wp-content\/uploads\/2012\/07\/BW-2011-2012.pdf\">2011\/12<\/a>\u00a0&#8211; <a href=\"http:\/\/gsv-heidelberg.de\/wp-content\/uploads\/2013\/04\/Saison-2012-13.pdf\">2012\/13<\/a>\u00a0&#8211; <a href=\"https:\/\/www.gsv-heidelberg.de\/wp-content\/uploads\/2014\/08\/Ergebnisse-LM-GF-Herren-2013-2014.pdf\">2013\/14<\/a>\u00a0&#8211; <a href=\"https:\/\/www.gsv-heidelberg.de\/wp-content\/uploads\/2016\/03\/Spielplan-LM-GF-Herren-2014-2015.pdf\">2014\/15<\/a> &#8211; <a href=\"https:\/\/www.gsv-heidelberg.de\/wp-content\/uploads\/2016\/03\/Region-BW-SW-2015_2016-Abschluss.pdf\">2015\/16\u00a0<\/a>&#8211;\u00a0<a href=\"https:\/\/www.gsv-heidelberg.de\/wp-content\/uploads\/2019\/02\/Region-BW-SW-2016_2017.pdf\">2016\/17<\/a>\u00a0&#8211; <a href=\"https:\/\/www.gsv-heidelberg.de\/wp-content\/uploads\/2019\/02\/Region-BW-SW-2017_2018.pdf\">2017\/18 <\/a><\/span><\/p>\n<p><span style=\"text-decoration: underline; font-size: 12pt;\">Baden-W\u00fcrttembergische-Meisterschaft auf Kleinfeld\u00a0(S\u00fcdwest-Meisterschaft ab 2016)<\/span><\/p>\n<p><span style=\"font-size: 12pt;\"><a href=\"http:\/\/gsv-heidelberg.de\/wp-content\/uploads\/2012\/07\/BW-Kleinfeld-2011.pdf\">2011<\/a> &#8211; <a href=\"http:\/\/gsv-heidelberg.de\/wp-content\/uploads\/2012\/07\/BW-Kleinfeld-2012.pdf\">2012<\/a>\u00a0&#8211; <a href=\"https:\/\/www.gsv-heidelberg.de\/wp-content\/uploads\/2014\/08\/Kleinfeld-BW-2013-Herren-und-Senioren.pdf\">2013 <\/a>&#8211; <a href=\"https:\/\/www.gsv-heidelberg.de\/wp-content\/uploads\/2014\/08\/ERGEBNISSE_HERREN.pdf\">2014<\/a>\u00a0&#8211; <a href=\"https:\/\/www.gsv-heidelberg.de\/wp-content\/uploads\/2016\/03\/BW-Meisterschaft-auf-Kleinfeld-2015.pdf\">2015<\/a>\u00a0&#8211; <a href=\"https:\/\/www.gsv-heidelberg.de\/wp-content\/uploads\/2019\/02\/S\u00fcdwest-Kleinfeld-2016-Ergebnisse.pdf\">2016<\/a> &#8211; <a href=\"https:\/\/www.gsv-heidelberg.de\/wp-content\/uploads\/2019\/02\/S\u00fcdwest-Kleinfeld-2017-Ergebnisse.pdf\">2017<\/a> &#8211; <a href=\"https:\/\/www.gsv-heidelberg.de\/wp-content\/uploads\/2019\/02\/S\u00fcdwest-Kleinfeld-2018-Ergebnisse.pdf\">2018<\/a><\/span><\/p>\n","protected":false},"excerpt":{"rendered":"<p>Website des Geh\u00f6rlosen Sportverband Baden-W\u00fcrttemberg e.V.: www.gs-bw.info Website des Deutschen Geh\u00f6rlosen Sportverband &#8211; Sparte Fussball: www.dgs-fussball.de Baden-W\u00fcrttembergische-Meisterschaft auf Gro\u00dffeld (S\u00fcdwest-Meisterschaft ab 2016) 2000\/01 &#8211; 2001\/02 &#8211; 2002\/03 &#8211; 2003\/04 &#8211; 2004\/05 &#8211; 2005\/06 &#8211; 2006\/07 &#8211; 2007\/08 &#8211; 2008\/09 &#8211; 2009\/10 &#8211; 2010\/11 &#8211; 2011\/12\u00a0&#8211; 2012\/13\u00a0&#8211; 2013\/14\u00a0&#8211; 2014\/15 &#8211; 2015\/16\u00a0&#8211;\u00a02016\/17\u00a0&#8211; 2017\/18 Baden-W\u00fcrttembergische-Meisterschaft auf Kleinfeld\u00a0(S\u00fcdwest-Meisterschaft ab &hellip; <\/p>\n<p><a class=\"more-link btn\" href=\"https:\/\/www.gsv-heidelberg.de\/?page_id=36\">Weiterlesen<\/a><\/p>\n","protected":false},"author":1,"featured_media":0,"parent":0,"menu_order":0,"comment_status":"open","ping_status":"open","template":"","meta":{"footnotes":""},"class_list":["post-36","page","type-page","status-publish","hentry","nodate","item-wrap"],"_links":{"self":[{"href":"https:\/\/www.gsv-heidelberg.de\/index.php?rest_route=\/wp\/v2\/pages\/36","targetHints":{"allow":["GET"]}}],"collection":[{"href":"https:\/\/www.gsv-heidelberg.de\/index.php?rest_route=\/wp\/v2\/pages"}],"about":[{"href":"https:\/\/www.gsv-heidelberg.de\/index.php?rest_route=\/wp\/v2\/types\/page"}],"author":[{"embeddable":true,"href":"https:\/\/www.gsv-heidelberg.de\/index.php?rest_route=\/wp\/v2\/users\/1"}],"replies":[{"embeddable":true,"href":"https:\/\/www.gsv-heidelberg.de\/index.php?rest_route=%2Fwp%2Fv2%2Fcomments&post=36"}],"version-history":[{"count":43,"href":"https:\/\/www.gsv-heidelberg.de\/index.php?rest_route=\/wp\/v2\/pages\/36\/revisions"}],"predecessor-version":[{"id":5363,"href":"https:\/\/www.gsv-heidelberg.de\/index.php?rest_route=\/wp\/v2\/pages\/36\/revisions\/5363"}],"wp:attachment":[{"href":"https:\/\/www.gsv-heidelberg.de\/index.php?rest_route=%2Fwp%2Fv2%2Fmedia&parent=36"}],"curies":[{"name":"wp","href":"https:\/\/api.w.org\/{rel}","templated":true}]}}