{"id":4266,"date":"2016-01-18T11:11:48","date_gmt":"2016-01-18T09:11:48","guid":{"rendered":"http:\/\/www.gsv-heidelberg.de\/?page_id=4266"},"modified":"2016-12-09T13:15:24","modified_gmt":"2016-12-09T11:15:24","slug":"statistik-2016","status":"publish","type":"page","link":"https:\/\/www.gsv-heidelberg.de\/?page_id=4266","title":{"rendered":"Statistik 2016"},"content":{"rendered":"<h1><strong>M\u00e4nner:<\/strong><\/h1>\n<table style=\"height: 93px;\" width=\"350\">\n<tbody>\n<tr>\n<th style=\"text-align: center;\"><span style=\"font-size: 12pt;\"><strong>Platz<\/strong><\/span><\/th>\n<th style=\"text-align: left;\"><span style=\"font-size: 12pt;\"><strong>Name<\/strong><\/span><\/th>\n<th style=\"text-align: center;\"><span style=\"font-size: 12pt;\"><strong>Tore<\/strong><\/span><\/th>\n<\/tr>\n<tr>\n<td style=\"text-align: center;\">1<\/td>\n<td>Waldemar Lange Junior<\/td>\n<td style=\"text-align: center;\">13<\/td>\n<\/tr>\n<tr>\n<td style=\"text-align: center;\"><\/td>\n<td>Benjamin Heymel<\/td>\n<td style=\"text-align: center;\">13<\/td>\n<\/tr>\n<tr>\n<td style=\"text-align: center;\">2<\/td>\n<td>Pascal V\u00f6lker<\/td>\n<td style=\"text-align: center;\">10<\/td>\n<\/tr>\n<tr>\n<td style=\"text-align: center;\"><\/td>\n<td>Pascal Stephan<\/td>\n<td style=\"text-align: center;\">8<\/td>\n<\/tr>\n<tr>\n<td style=\"text-align: center;\">3<\/td>\n<td>Michael Tattermusch<\/td>\n<td style=\"text-align: center;\">5<\/td>\n<\/tr>\n<tr>\n<td style=\"text-align: center;\">4<\/td>\n<td>Benjamin Speckert<\/td>\n<td style=\"text-align: center;\">3<\/td>\n<\/tr>\n<tr>\n<td style=\"text-align: center;\">5<\/td>\n<td>\u00dcmit Olgun<\/td>\n<td style=\"text-align: center;\">2<\/td>\n<\/tr>\n<tr>\n<td style=\"text-align: center;\"><\/td>\n<td>Valerio Sinardi<\/td>\n<td style=\"text-align: center;\">2<\/td>\n<\/tr>\n<tr>\n<td style=\"text-align: center;\"><\/td>\n<td style=\"text-align: left;\">Alen Behrami<\/td>\n<td style=\"text-align: center;\">2<\/td>\n<\/tr>\n<tr>\n<td style=\"text-align: center;\">6<\/td>\n<td>Valeh Imanov<\/td>\n<td style=\"text-align: center;\">1<\/td>\n<\/tr>\n<tr>\n<td style=\"text-align: center;\"><\/td>\n<td style=\"text-align: left;\">Marco Voltz<\/td>\n<td style=\"text-align: center;\">1<\/td>\n<\/tr>\n<tr>\n<td style=\"text-align: center;\"><\/td>\n<td style=\"text-align: left;\">Philipp Schillo<\/td>\n<td style=\"text-align: center;\">1<\/td>\n<\/tr>\n<tr>\n<td style=\"text-align: center;\"><\/td>\n<td>Simon Bernardo<\/td>\n<td style=\"text-align: center;\">\u00a01<\/td>\n<\/tr>\n<\/tbody>\n<\/table>\n<h1><strong>Frauen:<\/strong><\/h1>\n<table style=\"height: 93px;\" width=\"350\">\n<tbody>\n<tr>\n<th style=\"text-align: center;\"><span style=\"font-size: 12pt;\"><strong>Platz<\/strong><\/span><\/th>\n<th style=\"text-align: left;\"><span style=\"font-size: 12pt;\"><strong>Name<\/strong><\/span><\/th>\n<th style=\"text-align: center;\"><span style=\"font-size: 12pt;\"><strong>Tore<\/strong><\/span><\/th>\n<\/tr>\n<tr>\n<td style=\"text-align: center;\">1<\/td>\n<td>Sina Walter<\/td>\n<td style=\"text-align: center;\">1<\/td>\n<\/tr>\n<tr>\n<td style=\"text-align: center;\"><\/td>\n<td><\/td>\n<td style=\"text-align: center;\"><\/td>\n<\/tr>\n<tr>\n<td style=\"text-align: center;\"><\/td>\n<td><\/td>\n<td style=\"text-align: center;\"><\/td>\n<\/tr>\n<\/tbody>\n<\/table>\n<p>&nbsp;<\/p>\n<p><em>Stand: 03.12.2016<\/em><\/p>\n","protected":false},"excerpt":{"rendered":"<p>M\u00e4nner: Platz Name Tore 1 Waldemar Lange Junior 13 Benjamin Heymel 13 2 Pascal V\u00f6lker 10 Pascal Stephan 8 3 Michael Tattermusch 5 4 Benjamin Speckert 3 5 \u00dcmit Olgun 2 Valerio Sinardi 2 Alen Behrami 2 6 Valeh Imanov 1 Marco Voltz 1 Philipp Schillo 1 Simon Bernardo \u00a01 Frauen: Platz Name Tore 1 &hellip; <\/p>\n<p><a class=\"more-link btn\" href=\"https:\/\/www.gsv-heidelberg.de\/?page_id=4266\">Weiterlesen<\/a><\/p>\n","protected":false},"author":1,"featured_media":0,"parent":3994,"menu_order":0,"comment_status":"closed","ping_status":"closed","template":"","meta":{"footnotes":""},"class_list":["post-4266","page","type-page","status-publish","hentry","nodate","item-wrap"],"_links":{"self":[{"href":"https:\/\/www.gsv-heidelberg.de\/index.php?rest_route=\/wp\/v2\/pages\/4266","targetHints":{"allow":["GET"]}}],"collection":[{"href":"https:\/\/www.gsv-heidelberg.de\/index.php?rest_route=\/wp\/v2\/pages"}],"about":[{"href":"https:\/\/www.gsv-heidelberg.de\/index.php?rest_route=\/wp\/v2\/types\/page"}],"author":[{"embeddable":true,"href":"https:\/\/www.gsv-heidelberg.de\/index.php?rest_route=\/wp\/v2\/users\/1"}],"replies":[{"embeddable":true,"href":"https:\/\/www.gsv-heidelberg.de\/index.php?rest_route=%2Fwp%2Fv2%2Fcomments&post=4266"}],"version-history":[{"count":13,"href":"https:\/\/www.gsv-heidelberg.de\/index.php?rest_route=\/wp\/v2\/pages\/4266\/revisions"}],"predecessor-version":[{"id":4815,"href":"https:\/\/www.gsv-heidelberg.de\/index.php?rest_route=\/wp\/v2\/pages\/4266\/revisions\/4815"}],"up":[{"embeddable":true,"href":"https:\/\/www.gsv-heidelberg.de\/index.php?rest_route=\/wp\/v2\/pages\/3994"}],"wp:attachment":[{"href":"https:\/\/www.gsv-heidelberg.de\/index.php?rest_route=%2Fwp%2Fv2%2Fmedia&parent=4266"}],"curies":[{"name":"wp","href":"https:\/\/api.w.org\/{rel}","templated":true}]}}