{"id":6589,"date":"2020-06-28T12:38:05","date_gmt":"2020-06-28T10:38:05","guid":{"rendered":"http:\/\/www.gsv-heidelberg.de\/?page_id=6589"},"modified":"2022-11-11T14:39:12","modified_gmt":"2022-11-11T12:39:12","slug":"statistik-2019","status":"publish","type":"page","link":"https:\/\/www.gsv-heidelberg.de\/?page_id=6589","title":{"rendered":"Statistik 2019"},"content":{"rendered":"\n<figure class=\"wp-block-table\"><table><tbody><tr><td><strong>Platz<\/strong><\/td><td><strong>Name<\/strong><\/td><td><strong>Tore<\/strong><\/td><\/tr><tr><td>1<\/td><td>Pascal V\u00f6lker<\/td><td>8<\/td><\/tr><tr><td>2<\/td><td>Robin R\u00fcger<\/td><td>5<\/td><\/tr><tr><td>3<\/td><td>Tobias Ellerkamp<\/td><td>5<\/td><\/tr><tr><td>4<\/td><td>G\u00f6khan G\u00fcnay<\/td><td>4<\/td><\/tr><tr><td>5<\/td><td>\u00dcmit Olgun<\/td><td>3<\/td><\/tr><tr><td>6<\/td><td>Waldemar Lange Senior<\/td><td>3<\/td><\/tr><tr><td>7<\/td><td>Benjamin Heymel<\/td><td>2<\/td><\/tr><tr><td>8<\/td><td>Marco Voltz<\/td><td>1<\/td><\/tr><tr><td>9<\/td><td>Philipp Schillo<\/td><td>1<\/td><\/tr><tr><td>10<\/td><td>\u00d6zg\u00fcr Batu<\/td><td>1<\/td><\/tr><tr><td>11<\/td><td>Sammy Ehlers<\/td><td>1<\/td><\/tr><tr><td>12<\/td><td>Waldemar Lange Junior<\/td><td>1<\/td><\/tr><\/tbody><\/table><\/figure>\n","protected":false},"excerpt":{"rendered":"<p>Platz Name Tore 1 Pascal V\u00f6lker 8 2 Robin R\u00fcger 5 3 Tobias Ellerkamp 5 4 G\u00f6khan G\u00fcnay 4 5 \u00dcmit Olgun 3 6 Waldemar Lange Senior 3 7 Benjamin Heymel 2 8 Marco Voltz 1 9 Philipp Schillo 1 10 \u00d6zg\u00fcr Batu 1 11 Sammy Ehlers 1 12 Waldemar Lange Junior 1<\/p>\n","protected":false},"author":1,"featured_media":0,"parent":3994,"menu_order":0,"comment_status":"closed","ping_status":"closed","template":"","meta":{"footnotes":""},"class_list":["post-6589","page","type-page","status-publish","hentry","nodate","item-wrap"],"_links":{"self":[{"href":"https:\/\/www.gsv-heidelberg.de\/index.php?rest_route=\/wp\/v2\/pages\/6589","targetHints":{"allow":["GET"]}}],"collection":[{"href":"https:\/\/www.gsv-heidelberg.de\/index.php?rest_route=\/wp\/v2\/pages"}],"about":[{"href":"https:\/\/www.gsv-heidelberg.de\/index.php?rest_route=\/wp\/v2\/types\/page"}],"author":[{"embeddable":true,"href":"https:\/\/www.gsv-heidelberg.de\/index.php?rest_route=\/wp\/v2\/users\/1"}],"replies":[{"embeddable":true,"href":"https:\/\/www.gsv-heidelberg.de\/index.php?rest_route=%2Fwp%2Fv2%2Fcomments&post=6589"}],"version-history":[{"count":3,"href":"https:\/\/www.gsv-heidelberg.de\/index.php?rest_route=\/wp\/v2\/pages\/6589\/revisions"}],"predecessor-version":[{"id":7657,"href":"https:\/\/www.gsv-heidelberg.de\/index.php?rest_route=\/wp\/v2\/pages\/6589\/revisions\/7657"}],"up":[{"embeddable":true,"href":"https:\/\/www.gsv-heidelberg.de\/index.php?rest_route=\/wp\/v2\/pages\/3994"}],"wp:attachment":[{"href":"https:\/\/www.gsv-heidelberg.de\/index.php?rest_route=%2Fwp%2Fv2%2Fmedia&parent=6589"}],"curies":[{"name":"wp","href":"https:\/\/api.w.org\/{rel}","templated":true}]}}