{"id":6591,"date":"2020-06-28T12:43:23","date_gmt":"2020-06-28T10:43:23","guid":{"rendered":"http:\/\/www.gsv-heidelberg.de\/?page_id=6591"},"modified":"2022-11-11T14:39:35","modified_gmt":"2022-11-11T12:39:35","slug":"statistik-2020","status":"publish","type":"page","link":"https:\/\/www.gsv-heidelberg.de\/?page_id=6591","title":{"rendered":"Statistik 2020"},"content":{"rendered":"\n<figure class=\"wp-block-table\"><table><tbody><tr><td><strong>Platz<\/strong><\/td><td><strong>Name<\/strong><\/td><td><strong>Tore<\/strong><\/td><\/tr><tr><td>1<\/td><td>Robin R\u00fcger<\/td><td>12<\/td><\/tr><tr><td>2<\/td><td>\u00dcmit Olgun<\/td><td>3<\/td><\/tr><tr><td>3<\/td><td>Sven Walter<\/td><td>1<\/td><\/tr><tr><td>4<\/td><td>Julian Goller<\/td><td>1<\/td><\/tr><tr><td>5<\/td><td>Marco Voltz<\/td><td>1<\/td><\/tr><tr><td>6<\/td><td>Ismael M\u00fcller<\/td><td>1<\/td><\/tr><tr><td>7<\/td><td>Elvir Memishi<\/td><td>1<\/td><\/tr><tr><td>8<\/td><td>Waldemar Lange Junior<\/td><td>1<\/td><\/tr><tr><td><\/td><td><\/td><td><\/td><\/tr><\/tbody><\/table><\/figure>\n","protected":false},"excerpt":{"rendered":"<p>Platz Name Tore 1 Robin R\u00fcger 12 2 \u00dcmit Olgun 3 3 Sven Walter 1 4 Julian Goller 1 5 Marco Voltz 1 6 Ismael M\u00fcller 1 7 Elvir Memishi 1 8 Waldemar Lange Junior 1<\/p>\n","protected":false},"author":1,"featured_media":0,"parent":3994,"menu_order":0,"comment_status":"closed","ping_status":"closed","template":"","meta":{"footnotes":""},"class_list":["post-6591","page","type-page","status-publish","hentry","nodate","item-wrap"],"_links":{"self":[{"href":"https:\/\/www.gsv-heidelberg.de\/index.php?rest_route=\/wp\/v2\/pages\/6591","targetHints":{"allow":["GET"]}}],"collection":[{"href":"https:\/\/www.gsv-heidelberg.de\/index.php?rest_route=\/wp\/v2\/pages"}],"about":[{"href":"https:\/\/www.gsv-heidelberg.de\/index.php?rest_route=\/wp\/v2\/types\/page"}],"author":[{"embeddable":true,"href":"https:\/\/www.gsv-heidelberg.de\/index.php?rest_route=\/wp\/v2\/users\/1"}],"replies":[{"embeddable":true,"href":"https:\/\/www.gsv-heidelberg.de\/index.php?rest_route=%2Fwp%2Fv2%2Fcomments&post=6591"}],"version-history":[{"count":2,"href":"https:\/\/www.gsv-heidelberg.de\/index.php?rest_route=\/wp\/v2\/pages\/6591\/revisions"}],"predecessor-version":[{"id":6706,"href":"https:\/\/www.gsv-heidelberg.de\/index.php?rest_route=\/wp\/v2\/pages\/6591\/revisions\/6706"}],"up":[{"embeddable":true,"href":"https:\/\/www.gsv-heidelberg.de\/index.php?rest_route=\/wp\/v2\/pages\/3994"}],"wp:attachment":[{"href":"https:\/\/www.gsv-heidelberg.de\/index.php?rest_route=%2Fwp%2Fv2%2Fmedia&parent=6591"}],"curies":[{"name":"wp","href":"https:\/\/api.w.org\/{rel}","templated":true}]}}