{"id":6970,"date":"2021-12-06T10:14:25","date_gmt":"2021-12-06T08:14:25","guid":{"rendered":"http:\/\/www.gsv-heidelberg.de\/?page_id=6970"},"modified":"2022-11-11T14:39:49","modified_gmt":"2022-11-11T12:39:49","slug":"statistik-2021","status":"publish","type":"page","link":"https:\/\/www.gsv-heidelberg.de\/?page_id=6970","title":{"rendered":"Statistik 2021"},"content":{"rendered":"\n<figure class=\"wp-block-table is-style-regular\"><table><thead><tr><th> Platz <\/th><th>Name <\/th><th>Tore <\/th><\/tr><\/thead><tbody><tr><td>1.<\/td><td>Robin R\u00fcger<\/td><td>9<\/td><\/tr><tr><td>2.<\/td><td>\u00dcmit Olgun<\/td><td>7<\/td><\/tr><tr><td>3.<\/td><td>Benjamin Heymel<\/td><td>5<\/td><\/tr><tr><td>4.<\/td><td>Waldemar Lange Junior<\/td><td>4<\/td><\/tr><tr><td>5.<\/td><td>Elvir Memishi<\/td><td>3<\/td><\/tr><tr><td><\/td><td>Bastian Rother<\/td><td>3<\/td><\/tr><tr><td><\/td><td>Pascal V\u00f6lker<\/td><td>3<\/td><\/tr><tr><td><\/td><td>Waldemar Lange Senior<\/td><td>3<\/td><\/tr><tr><td>6.<\/td><td>Marcel Fischer<\/td><td>2<\/td><\/tr><tr><td><\/td><td>Tobias Ellerkamp<\/td><td>2<\/td><\/tr><tr><td><\/td><td>Thomas Brandt<\/td><td>1<\/td><\/tr><\/tbody><\/table><\/figure>\n\n\n\n<p><\/p>\n","protected":false},"excerpt":{"rendered":"<p>Platz Name Tore 1. Robin R\u00fcger 9 2. \u00dcmit Olgun 7 3. Benjamin Heymel 5 4. Waldemar Lange Junior 4 5. Elvir Memishi 3 Bastian Rother 3 Pascal V\u00f6lker 3 Waldemar Lange Senior 3 6. Marcel Fischer 2 Tobias Ellerkamp 2 Thomas Brandt 1<\/p>\n","protected":false},"author":1,"featured_media":0,"parent":3994,"menu_order":0,"comment_status":"closed","ping_status":"closed","template":"","meta":{"footnotes":""},"class_list":["post-6970","page","type-page","status-publish","hentry","nodate","item-wrap"],"_links":{"self":[{"href":"https:\/\/www.gsv-heidelberg.de\/index.php?rest_route=\/wp\/v2\/pages\/6970","targetHints":{"allow":["GET"]}}],"collection":[{"href":"https:\/\/www.gsv-heidelberg.de\/index.php?rest_route=\/wp\/v2\/pages"}],"about":[{"href":"https:\/\/www.gsv-heidelberg.de\/index.php?rest_route=\/wp\/v2\/types\/page"}],"author":[{"embeddable":true,"href":"https:\/\/www.gsv-heidelberg.de\/index.php?rest_route=\/wp\/v2\/users\/1"}],"replies":[{"embeddable":true,"href":"https:\/\/www.gsv-heidelberg.de\/index.php?rest_route=%2Fwp%2Fv2%2Fcomments&post=6970"}],"version-history":[{"count":3,"href":"https:\/\/www.gsv-heidelberg.de\/index.php?rest_route=\/wp\/v2\/pages\/6970\/revisions"}],"predecessor-version":[{"id":7079,"href":"https:\/\/www.gsv-heidelberg.de\/index.php?rest_route=\/wp\/v2\/pages\/6970\/revisions\/7079"}],"up":[{"embeddable":true,"href":"https:\/\/www.gsv-heidelberg.de\/index.php?rest_route=\/wp\/v2\/pages\/3994"}],"wp:attachment":[{"href":"https:\/\/www.gsv-heidelberg.de\/index.php?rest_route=%2Fwp%2Fv2%2Fmedia&parent=6970"}],"curies":[{"name":"wp","href":"https:\/\/api.w.org\/{rel}","templated":true}]}}