{"id":7028,"date":"2022-02-07T11:56:07","date_gmt":"2022-02-07T09:56:07","guid":{"rendered":"http:\/\/www.gsv-heidelberg.de\/?page_id=7028"},"modified":"2023-02-22T11:43:37","modified_gmt":"2023-02-22T09:43:37","slug":"statistik-2022","status":"publish","type":"page","link":"https:\/\/www.gsv-heidelberg.de\/?page_id=7028","title":{"rendered":"Statistik 2022"},"content":{"rendered":"\n<figure class=\"wp-block-table\"><table><thead><tr><th>Platz<\/th><th>Name<\/th><th>Tore<\/th><\/tr><\/thead><tbody><tr><td>1<\/td><td>Benjamin Heymel<\/td><td>17<\/td><\/tr><tr><td>2<\/td><td>Pascal V\u00f6lker<\/td><td>15<\/td><\/tr><tr><td>3<\/td><td>Waldemar Lange Junior<\/td><td>8<\/td><\/tr><tr><td><\/td><td>Marcel Fischer<\/td><td>8<\/td><\/tr><tr><td>4<\/td><td>Elvir Memishi<\/td><td>5<\/td><\/tr><tr><td><\/td><td>\u00dcmit Olgun<\/td><td>5<\/td><\/tr><tr><td>5<\/td><td>Robin R\u00fcger<\/td><td>3<\/td><\/tr><tr><td>6<\/td><td>Waldemar Lange Senior<\/td><td>2<\/td><\/tr><tr><td><\/td><td>Nadir \u00d6zalp<\/td><td>2<\/td><\/tr><tr><td>7<\/td><td>Tobias Ellerkamp<\/td><td>1<\/td><\/tr><tr><td><\/td><td>Fatih Kaya<\/td><td>1<\/td><\/tr><tr><td><\/td><td>Jonas Schettler<\/td><td>1<\/td><\/tr><tr><td><\/td><td>\u00d6zg\u00fcr Batu<\/td><td>1<\/td><\/tr><tr><td><\/td><td>Teoman Koral<\/td><td>1<\/td><\/tr><tr><td><\/td><td>Thomas Brandt<\/td><td>1<\/td><\/tr><tr><td><\/td><td><\/td><td><\/td><\/tr><\/tbody><\/table><figcaption class=\"wp-element-caption\">Stand 28.11.2022<\/figcaption><\/figure>\n","protected":false},"excerpt":{"rendered":"<p>Platz Name Tore 1 Benjamin Heymel 17 2 Pascal V\u00f6lker 15 3 Waldemar Lange Junior 8 Marcel Fischer 8 4 Elvir Memishi 5 \u00dcmit Olgun 5 5 Robin R\u00fcger 3 6 Waldemar Lange Senior 2 Nadir \u00d6zalp 2 7 Tobias Ellerkamp 1 Fatih Kaya 1 Jonas Schettler 1 \u00d6zg\u00fcr Batu 1 Teoman Koral 1 Thomas &hellip; <\/p>\n<p><a class=\"more-link btn\" href=\"https:\/\/www.gsv-heidelberg.de\/?page_id=7028\">Weiterlesen<\/a><\/p>\n","protected":false},"author":1,"featured_media":0,"parent":3994,"menu_order":0,"comment_status":"closed","ping_status":"closed","template":"","meta":{"footnotes":""},"class_list":["post-7028","page","type-page","status-publish","hentry","nodate","item-wrap"],"_links":{"self":[{"href":"https:\/\/www.gsv-heidelberg.de\/index.php?rest_route=\/wp\/v2\/pages\/7028","targetHints":{"allow":["GET"]}}],"collection":[{"href":"https:\/\/www.gsv-heidelberg.de\/index.php?rest_route=\/wp\/v2\/pages"}],"about":[{"href":"https:\/\/www.gsv-heidelberg.de\/index.php?rest_route=\/wp\/v2\/types\/page"}],"author":[{"embeddable":true,"href":"https:\/\/www.gsv-heidelberg.de\/index.php?rest_route=\/wp\/v2\/users\/1"}],"replies":[{"embeddable":true,"href":"https:\/\/www.gsv-heidelberg.de\/index.php?rest_route=%2Fwp%2Fv2%2Fcomments&post=7028"}],"version-history":[{"count":8,"href":"https:\/\/www.gsv-heidelberg.de\/index.php?rest_route=\/wp\/v2\/pages\/7028\/revisions"}],"predecessor-version":[{"id":7846,"href":"https:\/\/www.gsv-heidelberg.de\/index.php?rest_route=\/wp\/v2\/pages\/7028\/revisions\/7846"}],"up":[{"embeddable":true,"href":"https:\/\/www.gsv-heidelberg.de\/index.php?rest_route=\/wp\/v2\/pages\/3994"}],"wp:attachment":[{"href":"https:\/\/www.gsv-heidelberg.de\/index.php?rest_route=%2Fwp%2Fv2%2Fmedia&parent=7028"}],"curies":[{"name":"wp","href":"https:\/\/api.w.org\/{rel}","templated":true}]}}