{"id":7096,"date":"2022-04-13T10:33:07","date_gmt":"2022-04-13T08:33:07","guid":{"rendered":"http:\/\/www.gsv-heidelberg.de\/?page_id=7096"},"modified":"2024-03-04T10:27:52","modified_gmt":"2024-03-04T08:27:52","slug":"historie-vorstaende-seit-1954-bis-heute","status":"publish","type":"page","link":"https:\/\/www.gsv-heidelberg.de\/?page_id=7096","title":{"rendered":"Historie Vorst\u00e4nde seit 1954 bis heute"},"content":{"rendered":"\n<h2 class=\"wp-block-heading\"><strong>Die Vereinsvorst\u00e4nde von 1954 bis 1978<\/strong><\/h2>\n\n\n\n<figure class=\"wp-block-gallery has-nested-images columns-4 is-cropped wp-block-gallery-1 is-layout-flex wp-block-gallery-is-layout-flex\">\n<figure class=\"wp-block-image size-large\"><a href=\"https:\/\/www.gsv-heidelberg.de\/wp-content\/uploads\/2011\/11\/Passbild_Effenberger.jpg\" target=\"_blank\" rel=\"noopener\"><img loading=\"lazy\" decoding=\"async\" width=\"100\" height=\"143\" data-id=\"254\" src=\"https:\/\/www.gsv-heidelberg.de\/wp-content\/uploads\/2011\/11\/Passbild_Effenberger.jpg\" alt=\"\" class=\"wp-image-254\"\/><\/a><figcaption class=\"wp-element-caption\">Emil Effenberger 23 Jahre Vorstand \/ Gesch\u00e4ftsf\u00fchrer<\/figcaption><\/figure>\n\n\n\n<figure class=\"wp-block-image size-large\"><a href=\"https:\/\/www.gsv-heidelberg.de\/wp-content\/uploads\/2011\/12\/wg.png\" target=\"_blank\" rel=\"noopener\"><img loading=\"lazy\" decoding=\"async\" width=\"100\" height=\"115\" data-id=\"816\" src=\"https:\/\/www.gsv-heidelberg.de\/wp-content\/uploads\/2011\/12\/wg.png\" alt=\"\" class=\"wp-image-816\"\/><\/a><figcaption class=\"wp-element-caption\">Willy G\u00f6tten <br>23 Jahre Vorstand \/ 2. Vorstand<\/figcaption><\/figure>\n\n\n\n<figure class=\"wp-block-image size-large\"><a href=\"https:\/\/www.gsv-heidelberg.de\/wp-content\/uploads\/2011\/12\/hgm.png\" target=\"_blank\" rel=\"noopener\"><img loading=\"lazy\" decoding=\"async\" width=\"100\" height=\"115\" data-id=\"819\" src=\"https:\/\/www.gsv-heidelberg.de\/wp-content\/uploads\/2011\/12\/hgm.png\" alt=\"\" class=\"wp-image-819\"\/><\/a><figcaption class=\"wp-element-caption\">Hans G. M\u00fcller \u2013 1. Vorstand (1957) 2. Vorstand (1967-68)<\/figcaption><\/figure>\n\n\n\n<figure class=\"wp-block-image size-large\"><a href=\"https:\/\/www.gsv-heidelberg.de\/wp-content\/uploads\/2011\/12\/khk.png\" target=\"_blank\" rel=\"noopener\"><img loading=\"lazy\" decoding=\"async\" width=\"100\" height=\"115\" data-id=\"823\" src=\"https:\/\/www.gsv-heidelberg.de\/wp-content\/uploads\/2011\/12\/khk.png\" alt=\"\" class=\"wp-image-823\"\/><\/a><figcaption class=\"wp-element-caption\">Karl Heinz K\u00fchn <br>1. Vorstand (1958)<\/figcaption><\/figure>\n\n\n\n<figure class=\"wp-block-image size-large\"><a href=\"https:\/\/www.gsv-heidelberg.de\/wp-content\/uploads\/2011\/12\/ww.png\" target=\"_blank\" rel=\"noopener\"><img loading=\"lazy\" decoding=\"async\" width=\"100\" height=\"115\" data-id=\"825\" src=\"https:\/\/www.gsv-heidelberg.de\/wp-content\/uploads\/2011\/12\/ww.png\" alt=\"\" class=\"wp-image-825\"\/><\/a><figcaption class=\"wp-element-caption\">Willy Wenk Hauptkassierer (1954-58)<\/figcaption><\/figure>\n\n\n\n<figure class=\"wp-block-image size-large\"><a href=\"https:\/\/www.gsv-heidelberg.de\/wp-content\/uploads\/2011\/12\/mw.png\" target=\"_blank\" rel=\"noopener\"><img loading=\"lazy\" decoding=\"async\" width=\"100\" height=\"115\" data-id=\"831\" src=\"https:\/\/www.gsv-heidelberg.de\/wp-content\/uploads\/2011\/12\/mw.png\" alt=\"\" class=\"wp-image-831\"\/><\/a><figcaption class=\"wp-element-caption\">Manfred Welk Hauptkassierer (1965-66)<\/figcaption><\/figure>\n\n\n\n<figure class=\"wp-block-image size-large\"><a href=\"https:\/\/www.gsv-heidelberg.de\/wp-content\/uploads\/2011\/12\/tk.png\" target=\"_blank\" rel=\"noopener\"><img loading=\"lazy\" decoding=\"async\" width=\"100\" height=\"115\" data-id=\"832\" src=\"https:\/\/www.gsv-heidelberg.de\/wp-content\/uploads\/2011\/12\/tk.png\" alt=\"\" class=\"wp-image-832\"\/><\/a><figcaption class=\"wp-element-caption\">Theodor Keller Hauptkassierer (1973-76)<\/figcaption><\/figure>\n\n\n\n<figure class=\"wp-block-image size-large\"><a href=\"https:\/\/www.gsv-heidelberg.de\/wp-content\/uploads\/2011\/12\/mg.png\" target=\"_blank\" rel=\"noopener\"><img loading=\"lazy\" decoding=\"async\" width=\"100\" height=\"115\" data-id=\"833\" src=\"https:\/\/www.gsv-heidelberg.de\/wp-content\/uploads\/2011\/12\/mg.png\" alt=\"\" class=\"wp-image-833\"\/><\/a><figcaption class=\"wp-element-caption\">Manfred Graf Hauptkassierer (1977-79)<\/figcaption><\/figure>\n<\/figure>\n\n\n\n<p>Anton Peter Hauptkassierer (1961-64)<br>Voth \u2013 Hauptkassierer (1969-70)<br>S. Oppermann Hauptkassierer (1971-72)<\/p>\n\n\n\n<h2 class=\"wp-block-heading\"><strong>Die Vereinsvorst\u00e4nde von 1979 bis 2002<\/strong><\/h2>\n\n\n\n<figure class=\"wp-block-gallery has-nested-images columns-3 is-cropped wp-block-gallery-2 is-layout-flex wp-block-gallery-is-layout-flex\">\n<figure class=\"wp-block-image size-large\"><a href=\"https:\/\/www.gsv-heidelberg.de\/wp-content\/uploads\/2011\/12\/hpl.png\" target=\"_blank\" rel=\"noopener\"><img loading=\"lazy\" decoding=\"async\" width=\"100\" height=\"115\" data-id=\"835\" src=\"https:\/\/www.gsv-heidelberg.de\/wp-content\/uploads\/2011\/12\/hpl.png\" alt=\"\" class=\"wp-image-835\"\/><\/a><figcaption class=\"wp-element-caption\">Hans Peter Lauer <br>Vorstand (1979-89) <br>2. Vorstand (90-91 \/ 98-01)<\/figcaption><\/figure>\n\n\n\n<figure class=\"wp-block-image size-large\"><a href=\"https:\/\/www.gsv-heidelberg.de\/wp-content\/uploads\/2011\/12\/bh.png\" target=\"_blank\" rel=\"noopener\"><img loading=\"lazy\" decoding=\"async\" width=\"100\" height=\"115\" data-id=\"836\" src=\"https:\/\/www.gsv-heidelberg.de\/wp-content\/uploads\/2011\/12\/bh.png\" alt=\"\" class=\"wp-image-836\"\/><\/a><figcaption class=\"wp-element-caption\">Barbara Heiden Vorstand <br>(1990-1993)<\/figcaption><\/figure>\n\n\n\n<figure class=\"wp-block-image size-large\"><a href=\"https:\/\/www.gsv-heidelberg.de\/wp-content\/uploads\/2011\/12\/ah.png\" target=\"_blank\" rel=\"noopener\"><img loading=\"lazy\" decoding=\"async\" width=\"100\" height=\"115\" data-id=\"837\" src=\"https:\/\/www.gsv-heidelberg.de\/wp-content\/uploads\/2011\/12\/ah.png\" alt=\"\" class=\"wp-image-837\"\/><\/a><figcaption class=\"wp-element-caption\">Anita Heidrich Vorstand <br>(1992-1993)<\/figcaption><\/figure>\n\n\n\n<figure class=\"wp-block-image size-large\"><a href=\"https:\/\/www.gsv-heidelberg.de\/wp-content\/uploads\/2011\/12\/rp.png\" target=\"_blank\" rel=\"noopener\"><img loading=\"lazy\" decoding=\"async\" width=\"100\" height=\"115\" data-id=\"838\" src=\"https:\/\/www.gsv-heidelberg.de\/wp-content\/uploads\/2011\/12\/rp.png\" alt=\"\" class=\"wp-image-838\"\/><\/a><figcaption class=\"wp-element-caption\">Ralph Piecha Vorstand <br>(1994-2002)<\/figcaption><\/figure>\n\n\n\n<figure class=\"wp-block-image size-large\"><a href=\"https:\/\/www.gsv-heidelberg.de\/wp-content\/uploads\/2011\/12\/mw2.png\" target=\"_blank\" rel=\"noopener\"><img loading=\"lazy\" decoding=\"async\" width=\"100\" height=\"115\" data-id=\"839\" src=\"https:\/\/www.gsv-heidelberg.de\/wp-content\/uploads\/2011\/12\/mw2.png\" alt=\"\" class=\"wp-image-839\"\/><\/a><figcaption class=\"wp-element-caption\">Michael Walter 2. Vorstand <br>(1979-89 \/ 94-97)<\/figcaption><\/figure>\n\n\n\n<figure class=\"wp-block-image size-large\"><a href=\"https:\/\/www.gsv-heidelberg.de\/wp-content\/uploads\/2011\/12\/gk.png\" target=\"_blank\" rel=\"noopener\"><img loading=\"lazy\" decoding=\"async\" width=\"100\" height=\"115\" data-id=\"840\" src=\"https:\/\/www.gsv-heidelberg.de\/wp-content\/uploads\/2011\/12\/gk.png\" alt=\"\" class=\"wp-image-840\"\/><\/a><figcaption class=\"wp-element-caption\">Gerhard Kempf \u2013 2. Vorstand <br>(1992-1993)<\/figcaption><\/figure>\n\n\n\n<figure class=\"wp-block-image size-large\"><a href=\"https:\/\/www.gsv-heidelberg.de\/wp-content\/uploads\/2011\/12\/kw.png\" target=\"_blank\" rel=\"noopener\"><img loading=\"lazy\" decoding=\"async\" width=\"100\" height=\"115\" data-id=\"841\" src=\"https:\/\/www.gsv-heidelberg.de\/wp-content\/uploads\/2011\/12\/kw.png\" alt=\"\" class=\"wp-image-841\"\/><\/a><figcaption class=\"wp-element-caption\">Klaus Weber Hauptkassierer <br>(1979-84)<\/figcaption><\/figure>\n\n\n\n<figure class=\"wp-block-image size-large\"><a href=\"https:\/\/www.gsv-heidelberg.de\/wp-content\/uploads\/2011\/12\/mk.png\" target=\"_blank\" rel=\"noopener\"><img loading=\"lazy\" decoding=\"async\" width=\"100\" height=\"115\" data-id=\"842\" src=\"https:\/\/www.gsv-heidelberg.de\/wp-content\/uploads\/2011\/12\/mk.png\" alt=\"\" class=\"wp-image-842\"\/><\/a><figcaption class=\"wp-element-caption\">Manfred Kist Hauptkassierer <br>(1985-93)<\/figcaption><\/figure>\n\n\n\n<figure class=\"wp-block-image size-large\"><a href=\"https:\/\/www.gsv-heidelberg.de\/wp-content\/uploads\/2011\/12\/lt.png\" target=\"_blank\" rel=\"noopener\"><img loading=\"lazy\" decoding=\"async\" width=\"100\" height=\"115\" data-id=\"843\" src=\"https:\/\/www.gsv-heidelberg.de\/wp-content\/uploads\/2011\/12\/lt.png\" alt=\"\" class=\"wp-image-843\"\/><\/a><figcaption class=\"wp-element-caption\">L. Tokarczyk Hauptkassierer <br>(1994-2002)<\/figcaption><\/figure>\n<\/figure>\n\n\n\n<h2 class=\"wp-block-heading\"><strong>Die Vereinsvorst\u00e4nde seit 2002<\/strong><\/h2>\n\n\n\n<figure class=\"wp-block-gallery has-nested-images columns-3 is-cropped wp-block-gallery-3 is-layout-flex wp-block-gallery-is-layout-flex\">\n<figure class=\"wp-block-image size-large\"><img loading=\"lazy\" decoding=\"async\" width=\"150\" height=\"150\" data-id=\"7098\" src=\"https:\/\/www.gsv-heidelberg.de\/wp-content\/uploads\/2022\/04\/Hubertus-Edinger.jpg\" alt=\"\" class=\"wp-image-7098\"\/><figcaption class=\"wp-element-caption\">Hubertus Edinger 1. Vorstand <br>(2002 &#8211; 2004)<\/figcaption><\/figure>\n\n\n\n<figure class=\"wp-block-image size-large\"><img loading=\"lazy\" decoding=\"async\" width=\"120\" height=\"160\" data-id=\"197\" src=\"https:\/\/www.gsv-heidelberg.de\/wp-content\/uploads\/2011\/11\/Barbara-Kr\u00f6ner.jpg\" alt=\"\" class=\"wp-image-197\"\/><figcaption class=\"wp-element-caption\">Barbara Kr\u00f6ner 2. Vorstand <br>(2002-06 \/ 2010-16)<\/figcaption><\/figure>\n\n\n\n<figure class=\"wp-block-image size-large\"><img loading=\"lazy\" decoding=\"async\" width=\"218\" height=\"278\" data-id=\"7097\" src=\"https:\/\/www.gsv-heidelberg.de\/wp-content\/uploads\/2022\/04\/Florian-Preda.jpg\" alt=\"\" class=\"wp-image-7097\"\/><figcaption class=\"wp-element-caption\">Florian Preda 1. Vorstand <br>(2004 &#8211; 2010)<\/figcaption><\/figure>\n\n\n\n<figure class=\"wp-block-image size-large\"><img loading=\"lazy\" decoding=\"async\" width=\"1047\" height=\"1357\" data-id=\"205\" src=\"https:\/\/www.gsv-heidelberg.de\/wp-content\/uploads\/2011\/11\/Passbild_Dennis_Stadtmueller.jpg\" alt=\"\" class=\"wp-image-205\" srcset=\"https:\/\/www.gsv-heidelberg.de\/wp-content\/uploads\/2011\/11\/Passbild_Dennis_Stadtmueller.jpg 1047w, https:\/\/www.gsv-heidelberg.de\/wp-content\/uploads\/2011\/11\/Passbild_Dennis_Stadtmueller-231x300.jpg 231w, https:\/\/www.gsv-heidelberg.de\/wp-content\/uploads\/2011\/11\/Passbild_Dennis_Stadtmueller-790x1024.jpg 790w\" sizes=\"auto, (max-width: 1047px) 100vw, 1047px\" \/><figcaption class=\"wp-element-caption\">Dennis Stadtm\u00fcller Hauptkassierer <br>(2006 &#8211; 2016)<\/figcaption><\/figure>\n\n\n\n<figure class=\"wp-block-image size-large\"><img loading=\"lazy\" decoding=\"async\" width=\"756\" height=\"1134\" data-id=\"201\" src=\"https:\/\/www.gsv-heidelberg.de\/wp-content\/uploads\/2011\/11\/GorenfloCarolin.jpg\" alt=\"\" class=\"wp-image-201\" srcset=\"https:\/\/www.gsv-heidelberg.de\/wp-content\/uploads\/2011\/11\/GorenfloCarolin.jpg 756w, https:\/\/www.gsv-heidelberg.de\/wp-content\/uploads\/2011\/11\/GorenfloCarolin-200x300.jpg 200w, https:\/\/www.gsv-heidelberg.de\/wp-content\/uploads\/2011\/11\/GorenfloCarolin-682x1024.jpg 682w\" sizes=\"auto, (max-width: 756px) 100vw, 756px\" \/><figcaption class=\"wp-element-caption\">Carolin Gorenflo <br>1. Vorstand (2010 &#8211; 2016)<\/figcaption><\/figure>\n\n\n\n<figure class=\"wp-block-image size-large\"><img loading=\"lazy\" decoding=\"async\" width=\"212\" height=\"283\" data-id=\"7102\" src=\"https:\/\/www.gsv-heidelberg.de\/wp-content\/uploads\/2022\/04\/Thomas-Kolbenschlag.jpg\" alt=\"\" class=\"wp-image-7102\"\/><figcaption class=\"wp-element-caption\">Thomas Kolbenschlag <br>1. Vorstand (2016 &#8211; 2022)<br>2. Vorstand (2022 &#8211; 2024)<\/figcaption><\/figure>\n\n\n\n<figure class=\"wp-block-image size-large\"><img loading=\"lazy\" decoding=\"async\" width=\"204\" height=\"257\" data-id=\"7101\" src=\"https:\/\/www.gsv-heidelberg.de\/wp-content\/uploads\/2022\/04\/Frank-Schoenauer.jpg\" alt=\"\" class=\"wp-image-7101\"\/><figcaption class=\"wp-element-caption\">Frank Sch\u00f6nauer 2. Vorstand <br>(2016 &#8211; 2022)<\/figcaption><\/figure>\n\n\n\n<figure class=\"wp-block-image size-large\"><img loading=\"lazy\" decoding=\"async\" width=\"236\" height=\"281\" data-id=\"7100\" src=\"https:\/\/www.gsv-heidelberg.de\/wp-content\/uploads\/2022\/04\/Friedhelm-Brenzinger.jpg\" alt=\"\" class=\"wp-image-7100\"\/><figcaption class=\"wp-element-caption\">Friedhelm Brenzinger 1. Hauptkassierer <br>(2016 &#8211; 2024)<\/figcaption><\/figure>\n\n\n\n<figure class=\"wp-block-image size-large\"><img loading=\"lazy\" decoding=\"async\" width=\"192\" height=\"240\" data-id=\"7099\" src=\"https:\/\/www.gsv-heidelberg.de\/wp-content\/uploads\/2022\/04\/Andrea-Schoenauer.jpg\" alt=\"\" class=\"wp-image-7099\"\/><figcaption class=\"wp-element-caption\">Andrea Sch\u00f6nauer 2. Hauptkassiererin <br>(2016 &#8211; 2024)<\/figcaption><\/figure>\n<\/figure>\n\n\n\n<h2 class=\"wp-block-heading\"><strong>Die Vereinsvorst\u00e4nde seit 20<\/strong>22<\/h2>\n\n\n\n<figure class=\"wp-block-gallery has-nested-images columns-4 is-cropped wp-block-gallery-4 is-layout-flex wp-block-gallery-is-layout-flex\">\n<figure class=\"wp-block-image size-large\"><img loading=\"lazy\" decoding=\"async\" width=\"362\" height=\"387\" data-id=\"8510\" src=\"https:\/\/www.gsv-heidelberg.de\/wp-content\/uploads\/2024\/03\/Benjamin.jpg\" alt=\"\" class=\"wp-image-8510\"\/><figcaption class=\"wp-element-caption\">Benjamin Heymel<br>1. Vorstand (2022 &#8211; 2026)<\/figcaption><\/figure>\n\n\n\n<figure class=\"wp-block-image size-large\"><img loading=\"lazy\" decoding=\"async\" width=\"274\" height=\"311\" data-id=\"8509\" src=\"https:\/\/www.gsv-heidelberg.de\/wp-content\/uploads\/2024\/03\/Damien.jpg\" alt=\"\" class=\"wp-image-8509\"\/><figcaption class=\"wp-element-caption\">Damien Herboth<br>2. Vorstand (2024 &#8211; 2026)<\/figcaption><\/figure>\n\n\n\n<figure class=\"wp-block-image size-large\"><img loading=\"lazy\" decoding=\"async\" width=\"261\" height=\"308\" data-id=\"8508\" src=\"https:\/\/www.gsv-heidelberg.de\/wp-content\/uploads\/2024\/03\/Melissa.jpg\" alt=\"\" class=\"wp-image-8508\"\/><figcaption class=\"wp-element-caption\">Melissa Anders<br>1. Hauptkassiererin (2024 &#8211; 2026)<\/figcaption><\/figure>\n\n\n\n<figure class=\"wp-block-image size-large\"><img loading=\"lazy\" decoding=\"async\" width=\"279\" height=\"339\" data-id=\"8507\" src=\"https:\/\/www.gsv-heidelberg.de\/wp-content\/uploads\/2024\/03\/Bastian.jpg\" alt=\"\" class=\"wp-image-8507\"\/><figcaption class=\"wp-element-caption\">Bastian Rother<br>2. Hauptkassierer (2024 &#8211; 2026)<\/figcaption><\/figure>\n<\/figure>\n","protected":false},"excerpt":{"rendered":"<p>Die Vereinsvorst\u00e4nde von 1954 bis 1978 Anton Peter Hauptkassierer (1961-64)Voth \u2013 Hauptkassierer (1969-70)S. Oppermann Hauptkassierer (1971-72) Die Vereinsvorst\u00e4nde von 1979 bis 2002 Die Vereinsvorst\u00e4nde seit 2002 Die Vereinsvorst\u00e4nde seit 2022<\/p>\n","protected":false},"author":1,"featured_media":0,"parent":0,"menu_order":0,"comment_status":"closed","ping_status":"closed","template":"","meta":{"footnotes":""},"class_list":["post-7096","page","type-page","status-publish","hentry","nodate","item-wrap"],"_links":{"self":[{"href":"https:\/\/www.gsv-heidelberg.de\/index.php?rest_route=\/wp\/v2\/pages\/7096","targetHints":{"allow":["GET"]}}],"collection":[{"href":"https:\/\/www.gsv-heidelberg.de\/index.php?rest_route=\/wp\/v2\/pages"}],"about":[{"href":"https:\/\/www.gsv-heidelberg.de\/index.php?rest_route=\/wp\/v2\/types\/page"}],"author":[{"embeddable":true,"href":"https:\/\/www.gsv-heidelberg.de\/index.php?rest_route=\/wp\/v2\/users\/1"}],"replies":[{"embeddable":true,"href":"https:\/\/www.gsv-heidelberg.de\/index.php?rest_route=%2Fwp%2Fv2%2Fcomments&post=7096"}],"version-history":[{"count":5,"href":"https:\/\/www.gsv-heidelberg.de\/index.php?rest_route=\/wp\/v2\/pages\/7096\/revisions"}],"predecessor-version":[{"id":8513,"href":"https:\/\/www.gsv-heidelberg.de\/index.php?rest_route=\/wp\/v2\/pages\/7096\/revisions\/8513"}],"wp:attachment":[{"href":"https:\/\/www.gsv-heidelberg.de\/index.php?rest_route=%2Fwp%2Fv2%2Fmedia&parent=7096"}],"curies":[{"name":"wp","href":"https:\/\/api.w.org\/{rel}","templated":true}]}}