{"id":8378,"date":"2024-01-19T10:55:08","date_gmt":"2024-01-19T08:55:08","guid":{"rendered":"https:\/\/www.gsv-heidelberg.de\/?page_id=8378"},"modified":"2025-02-13T15:07:52","modified_gmt":"2025-02-13T13:07:52","slug":"statistik-2024","status":"publish","type":"page","link":"https:\/\/www.gsv-heidelberg.de\/?page_id=8378","title":{"rendered":"Statistik 2024"},"content":{"rendered":"\n<figure class=\"wp-block-table\"><table><thead><tr><th>Platz<\/th><th>Name<\/th><th>Tore<\/th><\/tr><\/thead><tbody><tr><td>1<\/td><td>Nico Guldan<\/td><td>10<\/td><\/tr><tr><td>2<\/td><td>Tom Schmit<\/td><td>8<\/td><\/tr><tr><td>3<\/td><td>\u00dcmit Olgun<\/td><td>6<\/td><\/tr><tr><td><\/td><td>Salvatore Sch\u00e4fer<\/td><td>6<\/td><\/tr><tr><td>4<\/td><td>Waldemar Lange Junior<\/td><td>4<\/td><\/tr><tr><td><\/td><td>Waldemar Lange Senior<\/td><td>4<\/td><\/tr><tr><td><\/td><td>Teoman Koral<\/td><td>4<\/td><\/tr><tr><td><\/td><td>Jens V\u00f6rg<\/td><td>4<\/td><\/tr><tr><td>5<\/td><td>Robin R\u00fcger<\/td><td>3<\/td><\/tr><tr><td>6<\/td><td>Pascal V\u00f6lker<\/td><td>2<\/td><\/tr><tr><td><\/td><td>\u00d6zg\u00fcr Batu<\/td><td>2<\/td><\/tr><tr><td>7<\/td><td>Benjamin Heymel<\/td><td>1<\/td><\/tr><tr><td><\/td><td>Damien Herboth<\/td><td>1<\/td><\/tr><tr><td><\/td><td>Julian Goller<\/td><td>1<\/td><\/tr><tr><td><\/td><td><\/td><td><\/td><\/tr><\/tbody><\/table><\/figure>\n\n\n\n<p><\/p>\n","protected":false},"excerpt":{"rendered":"<p>Platz Name Tore 1 Nico Guldan 10 2 Tom Schmit 8 3 \u00dcmit Olgun 6 Salvatore Sch\u00e4fer 6 4 Waldemar Lange Junior 4 Waldemar Lange Senior 4 Teoman Koral 4 Jens V\u00f6rg 4 5 Robin R\u00fcger 3 6 Pascal V\u00f6lker 2 \u00d6zg\u00fcr Batu 2 7 Benjamin Heymel 1 Damien Herboth 1 Julian Goller 1<\/p>\n","protected":false},"author":1,"featured_media":0,"parent":3994,"menu_order":0,"comment_status":"closed","ping_status":"closed","template":"","meta":{"footnotes":""},"class_list":["post-8378","page","type-page","status-publish","hentry","nodate","item-wrap"],"_links":{"self":[{"href":"https:\/\/www.gsv-heidelberg.de\/index.php?rest_route=\/wp\/v2\/pages\/8378","targetHints":{"allow":["GET"]}}],"collection":[{"href":"https:\/\/www.gsv-heidelberg.de\/index.php?rest_route=\/wp\/v2\/pages"}],"about":[{"href":"https:\/\/www.gsv-heidelberg.de\/index.php?rest_route=\/wp\/v2\/types\/page"}],"author":[{"embeddable":true,"href":"https:\/\/www.gsv-heidelberg.de\/index.php?rest_route=\/wp\/v2\/users\/1"}],"replies":[{"embeddable":true,"href":"https:\/\/www.gsv-heidelberg.de\/index.php?rest_route=%2Fwp%2Fv2%2Fcomments&post=8378"}],"version-history":[{"count":7,"href":"https:\/\/www.gsv-heidelberg.de\/index.php?rest_route=\/wp\/v2\/pages\/8378\/revisions"}],"predecessor-version":[{"id":9145,"href":"https:\/\/www.gsv-heidelberg.de\/index.php?rest_route=\/wp\/v2\/pages\/8378\/revisions\/9145"}],"up":[{"embeddable":true,"href":"https:\/\/www.gsv-heidelberg.de\/index.php?rest_route=\/wp\/v2\/pages\/3994"}],"wp:attachment":[{"href":"https:\/\/www.gsv-heidelberg.de\/index.php?rest_route=%2Fwp%2Fv2%2Fmedia&parent=8378"}],"curies":[{"name":"wp","href":"https:\/\/api.w.org\/{rel}","templated":true}]}}