{"id":88,"date":"2011-11-04T03:01:48","date_gmt":"2011-11-04T03:01:48","guid":{"rendered":"http:\/\/gsv-heidelberg.de\/gsv\/?page_id=88"},"modified":"2025-02-24T12:01:13","modified_gmt":"2025-02-24T10:01:13","slug":"schwimmen","status":"publish","type":"page","link":"https:\/\/www.gsv-heidelberg.de\/?page_id=88","title":{"rendered":"Schwimmen"},"content":{"rendered":"<div class=\"wp-block-image\">\n<figure class=\"aligncenter\"><img loading=\"lazy\" decoding=\"async\" width=\"540\" height=\"360\" src=\"http:\/\/gsv-heidelberg.de\/gsv\/wp-content\/uploads\/2011\/11\/schwimmen.jpg\" alt=\"\" class=\"wp-image-89\" title=\"\" srcset=\"https:\/\/www.gsv-heidelberg.de\/wp-content\/uploads\/2011\/11\/schwimmen.jpg 540w, https:\/\/www.gsv-heidelberg.de\/wp-content\/uploads\/2011\/11\/schwimmen-300x200.jpg 300w\" sizes=\"auto, (max-width: 540px) 100vw, 540px\" \/><\/figure><\/div>\n\n\n<h1 class=\"wp-block-heading\">Auf die Pl\u00e4tze, fertig, los\u2026.<\/h1>\n\n\n\n<p><span style=\"color: #000000; font-size: 12pt;\">Die Schwimm-Abteilung gab es schon lange, nur gab es lange Zeit keine Aktivit\u00e4ten in der Schwimm-Abteilung. Seitdem Florian Preda als 1. Vorsitzender des Vereins im Jahre (2005) gew\u00e4hlt wurde, fragte dieser Natalija Harder und&nbsp;Gerda Reinhard(ehemalige Topschwimmerinnen aus Ukraine und den Niederlanden), ob sie die Schwimm-Abteilung von GSV HD wieder aufbauen k\u00f6nnten. Schlie\u00dflich \u00fcbernahm Gerda Reinhard die Position als Schwimmleiterin, nachdem Florian Preda dies 1 Jahr lang provisorisch \u00fcbernommen hatte.<\/span><\/p>\n\n\n\n<p><span style=\"font-size: 12pt;\"><span style=\"color: #000000;\">Jede(r) Schwimmer\/in trainiert bei den h\u00f6renden Schwimmvereinen, weil sie nicht immer in Heidelberg und Umgebung wohnen, au\u00dferdem ist das Training in den H\u00f6renden-Vereinen anspruchsvoller und folgt durch strengere Disziplinen.<\/span><\/span><\/p>\n\n\n\n<p><span style=\"color: #000000; font-size: 12pt;\">Gerda Reinhard informiert per E-Mail mit alle Schwimmern, wenn eine Schwimmveranstaltung stattfinden w\u00fcrde.<\/span><\/p>\n\n\n\n<p><span style=\"color: #000000; font-size: 12pt;\"><span style=\"text-decoration: underline;\">Erfolge:<\/span><\/span><\/p>\n\n\n\n<p><span style=\"color: #000000; font-size: 12pt;\">Die Geh\u00f6rlosen Schwimmer im GSV Heidelberg 1954 e.V.&nbsp; gewinnen regelm\u00e4\u00dfig Deutsche Meisterschaften in verschiedenen Strecken und Altersklassen. International sind wir noch nicht so erfolgreich, doch der Weg dahin ist nicht mehr lang.<\/span><\/p>\n\n\n\n<p><span style=\"color: #000000; font-size: 12pt;\">Der gr\u00f6\u00dfte Erfolg war die Silbermedaille von Jarmila Gupta \u00fcber 400m Lagen bei den Deaflympics 2009 in Taiwan.<\/span><\/p>\n\n\n\n<p><span style=\"color: #000000; font-size: 12pt;\"><span style=\"text-decoration: underline;\">Aktueller Stand (Sommer 2011):<\/span><\/span><\/p>\n\n\n\n<p><span style=\"color: #000000;\"><span style=\"font-size: small;\"><span style=\"font-size: 12pt;\">Geh\u00f6rlose Schwimmer ist nicht so leicht zu finden, aber durch gute Beziehungen konnte man dann Kontakt zu einigen geh\u00f6rlosen Schwimmern aufnehmen, unter anderem Jarmila Gupta, die in die USA lebt. Ihre Familie lebte aber in der N\u00e4he von Heidelberg, dadurch ist der Kontakt entstanden. Sie musste Mitglied in einem geh\u00f6rlosen Schwimmverein sein, damit sie f\u00fcr Deutschland bei den internationalen Wettk\u00e4mpfen starten konnte. Sie ist eine sehr gute Schwimmerin und gewann 1 Silbermedaille bei den Deaflympics 2009 in Taiwan und stellte einen Europarekord \u00fcber 400 m Lagen auf. Im letzten Jahr nahmen unsere zwei Schwimmer Jarmila Gupta und Michael W\u00fcrges bei den Europameisterschaften teil. Dieses Jahr wird nur Jarmila Gupta an den Schwimmweltmeisterschaften in Coimbra \/ Portugal teilnehmen. Sie hofft ein paar Medaillen zu gewinnen. Wir dr\u00fccken ihr die Daumen.<\/span><\/span><\/span><\/p>\n\n\n\n<p><strong>Schwimm-Leiterin:<\/strong> Gerda Reinhard<\/p>\n\n\n\n<h2 class=\"wp-block-heading\">Kontakt:<\/h2>\n\n\n\n<p>Sende eine Nachricht an den Abteilungsleiter.<\/p>\n\n\n<div class=\"frm_forms  with_frm_style frm_style_formidable-stil\" id=\"frm_form_2_container\" data-token=\"d6892f53bad82810a0d228becfcadd1a\">\n<form enctype=\"multipart\/form-data\" method=\"post\" class=\"frm-show-form \" id=\"form_kontaktformular\" data-token=\"d6892f53bad82810a0d228becfcadd1a\">\n<div class=\"frm_form_fields \">\n<fieldset>\n<legend class=\"frm_screen_reader\">Kontaktformular<\/legend>\r\n\r\n<div class=\"frm_fields_container\">\n<input type=\"hidden\" name=\"frm_action\" value=\"create\" \/>\n<input type=\"hidden\" name=\"form_id\" value=\"2\" \/>\n<input type=\"hidden\" name=\"frm_hide_fields_2\" id=\"frm_hide_fields_2\" value=\"\" \/>\n<input type=\"hidden\" name=\"form_key\" value=\"kontaktformular\" \/>\n<input type=\"hidden\" name=\"item_meta[0]\" value=\"\" \/>\n<input type=\"hidden\" id=\"frm_submit_entry_2\" name=\"frm_submit_entry_2\" value=\"8fbf942d21\" \/><input type=\"hidden\" name=\"_wp_http_referer\" value=\"\/index.php?rest_route=%2Fwp%2Fv2%2Fpages%2F88\" \/><div id=\"frm_field_9_container\" class=\"frm_form_field form-field  frm_required_field frm_top_container\">\r\n\t<div  id=\"field_ixl2x_label\" class=\"frm_primary_label\">Vorname und Nachname\r\n\t\t<span class=\"frm_required\" aria-hidden=\"true\">*<\/span>\r\n\t<\/div>\r\n\t<fieldset aria-labelledby=\"field_ixl2x_label\">\n\t<legend class=\"frm_screen_reader frm_hidden\">\n\t\tVorname und Nachname\t<\/legend>\n\n\t<div  class=\"frm_combo_inputs_container\" id=\"frm_combo_inputs_container_9\" data-name-layout=\"first_last\">\n\t\t\t\t\t<div\n\t\t\t\tid=\"frm_field_9-first_container\"\n\t\t\t\tclass=\"frm_form_field form-field frm_form_subfield-first  frm6\"\n\t\t\t\tdata-sub-field-name=\"first\"\n\t\t\t>\n\t\t\t\t<label for=\"field_ixl2x_first\" class=\"frm_screen_reader frm_hidden\">\n\t\t\t\t\tVorname\t\t\t\t<\/label>\n\n\t\t\t\t<input  type=\"text\" id=\"field_ixl2x_first\" value=\"\" name=\"item_meta[9][first]\" autocomplete=\"given-name\" data-reqmsg=\"Vorname und Nachname kann nicht leer sein.\" aria-required=\"true\" data-invmsg=\"Vorname und Nachname ist ung\u00fcltig\" aria-invalid=\"false\"  \/><div class=\"frm_description\" id=\"frm_field_9_first_desc\">Vorname<\/div>\t\t\t<\/div>\n\t\t\t\t\t\t<div\n\t\t\t\tid=\"frm_field_9-last_container\"\n\t\t\t\tclass=\"frm_form_field form-field frm_form_subfield-last  frm6\"\n\t\t\t\tdata-sub-field-name=\"last\"\n\t\t\t>\n\t\t\t\t<label for=\"field_ixl2x_last\" class=\"frm_screen_reader frm_hidden\">\n\t\t\t\t\tNachname\t\t\t\t<\/label>\n\n\t\t\t\t<input  type=\"text\" id=\"field_ixl2x_last\" value=\"\" name=\"item_meta[9][last]\" autocomplete=\"family-name\" data-reqmsg=\"Vorname und Nachname kann nicht leer sein.\" aria-required=\"true\" data-invmsg=\"Vorname und Nachname ist ung\u00fcltig\" aria-invalid=\"false\"  \/><div class=\"frm_description\" id=\"frm_field_9_last_desc\">Nachname<\/div>\t\t\t<\/div>\n\t\t\t\t<\/div>\n<\/fieldset>\n\r\n\t\r\n\t\r\n<\/div>\n<div id=\"frm_field_11_container\" class=\"frm_form_field form-field  frm_required_field frm_top_container\">\r\n\t<label for=\"field_f4hih\" id=\"field_f4hih_label\" class=\"frm_primary_label\">E-Mail\r\n\t\t<span class=\"frm_required\" aria-hidden=\"true\">*<\/span>\r\n\t<\/label>\r\n\t<input type=\"email\" id=\"field_f4hih\" name=\"item_meta[11]\" value=\"\"  data-reqmsg=\"E-Mail kann nicht leer sein.\" aria-required=\"true\" data-invmsg=\"E-Mail ist ung\u00fcltig\" aria-invalid=\"false\"  \/>\r\n\t\r\n\t\r\n<\/div>\n<div id=\"frm_field_12_container\" class=\"frm_form_field form-field  frm_required_field frm_top_container\">\r\n\t<label for=\"field_811mc\" id=\"field_811mc_label\" class=\"frm_primary_label\">Thema\r\n\t\t<span class=\"frm_required\" aria-hidden=\"true\">*<\/span>\r\n\t<\/label>\r\n\t<input type=\"text\" id=\"field_811mc\" name=\"item_meta[12]\" value=\"\"  data-reqmsg=\"Thema kann nicht leer sein.\" aria-required=\"true\" data-invmsg=\"Thema ist ung\u00fcltig\" aria-invalid=\"false\"  \/>\r\n\t\r\n\t\r\n<\/div>\n<div id=\"frm_field_13_container\" class=\"frm_form_field form-field  frm_required_field frm_top_container\">\r\n\t<label for=\"field_2n12y\" id=\"field_2n12y_label\" class=\"frm_primary_label\">Nachricht\r\n\t\t<span class=\"frm_required\" aria-hidden=\"true\">*<\/span>\r\n\t<\/label>\r\n\t<input type=\"text\" id=\"field_2n12y\" name=\"item_meta[13]\" value=\"\"  data-reqmsg=\"Nachricht kann nicht leer sein.\" aria-required=\"true\" data-invmsg=\"Nachricht ist ung\u00fcltig\" aria-invalid=\"false\"  \/>\r\n\t\r\n\t\r\n<\/div>\n<div id=\"frm_field_7_container\" class=\"frm_form_field form-field \">\r\n\t<div class=\"frm_submit frm_flex\">\r\n<button class=\"frm_button_submit\" type=\"submit\"  >Senden<\/button>\r\n\r\n\r\n\r\n<\/div>\r\n<\/div>\n\t<input type=\"hidden\" name=\"item_key\" value=\"\" \/>\n\t\t\t<div id=\"frm_field_14_container\">\n\t\t\t<label for=\"field_t57c6\" >\n\t\t\t\tFalls Du menschlich bist, lasse dieses Feld leer.\t\t\t<\/label>\n\t\t\t<input  id=\"field_t57c6\" type=\"text\" class=\"frm_form_field form-field frm_verify\" name=\"item_meta[14]\" value=\"\"  \/>\n\t\t<\/div>\n\t\t<input name=\"frm_state\" type=\"hidden\" value=\"G0Xjk8rkQGOvQcMCDczrDMhdKt9+9XHwzNPCQN16XmM=\" \/><\/div>\n<\/fieldset>\n<\/div>\n\n<p style=\"display: none !important;\" class=\"akismet-fields-container\" data-prefix=\"ak_\"><label>&#916;<textarea name=\"ak_hp_textarea\" cols=\"45\" rows=\"8\" maxlength=\"100\"><\/textarea><\/label><input type=\"hidden\" id=\"ak_js_1\" name=\"ak_js\" value=\"5\"\/><script>document.getElementById( \"ak_js_1\" ).setAttribute( \"value\", ( new Date() ).getTime() );<\/script><\/p><\/form>\n<\/div>\n","protected":false},"excerpt":{"rendered":"<p>Auf die Pl\u00e4tze, fertig, los\u2026. Die Schwimm-Abteilung gab es schon lange, nur gab es lange Zeit keine Aktivit\u00e4ten in der Schwimm-Abteilung. Seitdem Florian Preda als 1. Vorsitzender des Vereins im Jahre (2005) gew\u00e4hlt wurde, fragte dieser Natalija Harder und&nbsp;Gerda Reinhard(ehemalige Topschwimmerinnen aus Ukraine und den Niederlanden), ob sie die Schwimm-Abteilung von GSV HD wieder aufbauen &hellip; <\/p>\n<p><a class=\"more-link btn\" href=\"https:\/\/www.gsv-heidelberg.de\/?page_id=88\">Weiterlesen<\/a><\/p>\n","protected":false},"author":1,"featured_media":0,"parent":0,"menu_order":0,"comment_status":"open","ping_status":"open","template":"","meta":{"footnotes":""},"class_list":["post-88","page","type-page","status-publish","hentry","nodate","item-wrap"],"_links":{"self":[{"href":"https:\/\/www.gsv-heidelberg.de\/index.php?rest_route=\/wp\/v2\/pages\/88","targetHints":{"allow":["GET"]}}],"collection":[{"href":"https:\/\/www.gsv-heidelberg.de\/index.php?rest_route=\/wp\/v2\/pages"}],"about":[{"href":"https:\/\/www.gsv-heidelberg.de\/index.php?rest_route=\/wp\/v2\/types\/page"}],"author":[{"embeddable":true,"href":"https:\/\/www.gsv-heidelberg.de\/index.php?rest_route=\/wp\/v2\/users\/1"}],"replies":[{"embeddable":true,"href":"https:\/\/www.gsv-heidelberg.de\/index.php?rest_route=%2Fwp%2Fv2%2Fcomments&post=88"}],"version-history":[{"count":13,"href":"https:\/\/www.gsv-heidelberg.de\/index.php?rest_route=\/wp\/v2\/pages\/88\/revisions"}],"predecessor-version":[{"id":9180,"href":"https:\/\/www.gsv-heidelberg.de\/index.php?rest_route=\/wp\/v2\/pages\/88\/revisions\/9180"}],"wp:attachment":[{"href":"https:\/\/www.gsv-heidelberg.de\/index.php?rest_route=%2Fwp%2Fv2%2Fmedia&parent=88"}],"curies":[{"name":"wp","href":"https:\/\/api.w.org\/{rel}","templated":true}]}}