{"id":9146,"date":"2025-02-13T15:10:42","date_gmt":"2025-02-13T13:10:42","guid":{"rendered":"https:\/\/www.gsv-heidelberg.de\/?page_id=9146"},"modified":"2025-09-17T15:36:19","modified_gmt":"2025-09-17T13:36:19","slug":"statistik-2025","status":"publish","type":"page","link":"https:\/\/www.gsv-heidelberg.de\/?page_id=9146","title":{"rendered":"Statistik 2025"},"content":{"rendered":"\n<figure class=\"wp-block-table\"><table><thead><tr><th>Platz<\/th><th>Name<\/th><th>Tore<\/th><\/tr><\/thead><tbody><tr><td>1<\/td><td>Nico Guldan<\/td><td>6<\/td><\/tr><tr><td>2<\/td><td>Benjamin Heymel<\/td><td>2<\/td><\/tr><tr><td><\/td><td>Shane Kirk<\/td><td>2<\/td><\/tr><tr><td>3<\/td><td>Salvatore Sch\u00e4fer<\/td><td>1<\/td><\/tr><tr><td><\/td><td>Damien Herboth<\/td><td>1<\/td><\/tr><tr><td><\/td><td>Julian Goller<\/td><td>1<\/td><\/tr><tr><td><\/td><td>\u00d6zg\u00fcr Batu <\/td><td>1<\/td><\/tr><tr><td><\/td><td>Thomas Brandt<\/td><td>1<\/td><\/tr><tr><td><\/td><td>Pascal V\u00f6lker<\/td><td>1<\/td><\/tr><tr><td><\/td><td><\/td><td><\/td><\/tr><tr><td><\/td><td><\/td><td><\/td><\/tr><tr><td><\/td><td><\/td><td><\/td><\/tr><tr><td><\/td><td><\/td><td><\/td><\/tr><tr><td><\/td><td><\/td><td><\/td><\/tr><\/tbody><\/table><\/figure>\n\n\n\n<p>Stand: 17.09.2025<\/p>\n","protected":false},"excerpt":{"rendered":"<p>Platz Name Tore 1 Nico Guldan 6 2 Benjamin Heymel 2 Shane Kirk 2 3 Salvatore Sch\u00e4fer 1 Damien Herboth 1 Julian Goller 1 \u00d6zg\u00fcr Batu 1 Thomas Brandt 1 Pascal V\u00f6lker 1 Stand: 17.09.2025<\/p>\n","protected":false},"author":1,"featured_media":0,"parent":3994,"menu_order":0,"comment_status":"closed","ping_status":"closed","template":"","meta":{"footnotes":""},"class_list":["post-9146","page","type-page","status-publish","hentry","nodate","item-wrap"],"_links":{"self":[{"href":"https:\/\/www.gsv-heidelberg.de\/index.php?rest_route=\/wp\/v2\/pages\/9146","targetHints":{"allow":["GET"]}}],"collection":[{"href":"https:\/\/www.gsv-heidelberg.de\/index.php?rest_route=\/wp\/v2\/pages"}],"about":[{"href":"https:\/\/www.gsv-heidelberg.de\/index.php?rest_route=\/wp\/v2\/types\/page"}],"author":[{"embeddable":true,"href":"https:\/\/www.gsv-heidelberg.de\/index.php?rest_route=\/wp\/v2\/users\/1"}],"replies":[{"embeddable":true,"href":"https:\/\/www.gsv-heidelberg.de\/index.php?rest_route=%2Fwp%2Fv2%2Fcomments&post=9146"}],"version-history":[{"count":2,"href":"https:\/\/www.gsv-heidelberg.de\/index.php?rest_route=\/wp\/v2\/pages\/9146\/revisions"}],"predecessor-version":[{"id":9550,"href":"https:\/\/www.gsv-heidelberg.de\/index.php?rest_route=\/wp\/v2\/pages\/9146\/revisions\/9550"}],"up":[{"embeddable":true,"href":"https:\/\/www.gsv-heidelberg.de\/index.php?rest_route=\/wp\/v2\/pages\/3994"}],"wp:attachment":[{"href":"https:\/\/www.gsv-heidelberg.de\/index.php?rest_route=%2Fwp%2Fv2%2Fmedia&parent=9146"}],"curies":[{"name":"wp","href":"https:\/\/api.w.org\/{rel}","templated":true}]}}