{"id":95,"date":"2011-11-04T03:04:37","date_gmt":"2011-11-04T03:04:37","guid":{"rendered":"http:\/\/gsv-heidelberg.de\/gsv\/?page_id=95"},"modified":"2026-01-06T11:53:42","modified_gmt":"2026-01-06T09:53:42","slug":"wir-ueber-uns","status":"publish","type":"page","link":"https:\/\/www.gsv-heidelberg.de\/?page_id=95","title":{"rendered":"Wir \u00fcber uns"},"content":{"rendered":"\n<p>Der Geh\u00f6rlosen-Sportverein <strong>GSV Heidelberg 1954 e.V.<\/strong> z\u00e4hlt derzeit rund <strong>140 Mitglieder<\/strong> in <strong>acht verschiedenen Abteilungen<\/strong>. Damit geh\u00f6rt der GSV Heidelberg zu den <strong>mitgliederst\u00e4rksten Vereinen im Rhein-Neckar-Gebiet<\/strong>.<\/p>\n\n\n\n<p>Bei uns kann jede Person Mitglied werden, unabh\u00e4ngig davon, ob sie h\u00f6rend oder h\u00f6rgesch\u00e4digt ist (geh\u00f6rlos, schwerh\u00f6rig oder mit Cochlea-Implantat).<\/p>\n\n\n\n<p>F\u00fcr die <strong>Startberechtigung bei Wettk\u00e4mpfen im Geh\u00f6rlosensport<\/strong> ist der H\u00f6rstatus der Sportlerinnen und Sportler entscheidend. W\u00e4hrend eines Wettkampfes ist das Tragen von <strong>H\u00f6rhilfen<\/strong> (z. B. H\u00f6rger\u00e4te oder Cochlea-Implantate) nicht erlaubt. Dies dient der Sicherstellung einer m\u00f6glichst <strong>fairen Wettbewerbssituation<\/strong>, da der Grad des H\u00f6rverlustes sowie die individuelle Kompensation durch H\u00f6rhilfen unterschiedlich ausfallen kann.<\/p>\n\n\n\n<p>Grunds\u00e4tzlich gilt ein <strong>nachgewiesener H\u00f6rverlust von mehr als 55 Dezibel auf dem besseren Ohr<\/strong>. Dieser H\u00f6rstatus muss durch eine <strong>\u00e4rztliche Bescheinigung eines HNO-Arztes<\/strong> best\u00e4tigt werden.<\/p>\n\n\n\n<p><span style=\"font-size: 12pt;\"><a title=\"Historie\" href=\"https:\/\/www.gsv-heidelberg.de\/?page_id=111\">Mehr \u00fcber uns (Historie Verein) >><\/a><\/span><\/p>\n","protected":false},"excerpt":{"rendered":"<p>Der Geh\u00f6rlosen-Sportverein GSV Heidelberg 1954 e.V. z\u00e4hlt derzeit rund 140 Mitglieder in acht verschiedenen Abteilungen. Damit geh\u00f6rt der GSV Heidelberg zu den mitgliederst\u00e4rksten Vereinen im Rhein-Neckar-Gebiet. Bei uns kann jede Person Mitglied werden, unabh\u00e4ngig davon, ob sie h\u00f6rend oder h\u00f6rgesch\u00e4digt ist (geh\u00f6rlos, schwerh\u00f6rig oder mit Cochlea-Implantat). F\u00fcr die Startberechtigung bei Wettk\u00e4mpfen im Geh\u00f6rlosensport ist der &hellip; <\/p>\n<p><a class=\"more-link btn\" href=\"https:\/\/www.gsv-heidelberg.de\/?page_id=95\">Weiterlesen<\/a><\/p>\n","protected":false},"author":1,"featured_media":0,"parent":0,"menu_order":0,"comment_status":"open","ping_status":"open","template":"","meta":{"footnotes":""},"class_list":["post-95","page","type-page","status-publish","hentry","nodate","item-wrap"],"_links":{"self":[{"href":"https:\/\/www.gsv-heidelberg.de\/index.php?rest_route=\/wp\/v2\/pages\/95","targetHints":{"allow":["GET"]}}],"collection":[{"href":"https:\/\/www.gsv-heidelberg.de\/index.php?rest_route=\/wp\/v2\/pages"}],"about":[{"href":"https:\/\/www.gsv-heidelberg.de\/index.php?rest_route=\/wp\/v2\/types\/page"}],"author":[{"embeddable":true,"href":"https:\/\/www.gsv-heidelberg.de\/index.php?rest_route=\/wp\/v2\/users\/1"}],"replies":[{"embeddable":true,"href":"https:\/\/www.gsv-heidelberg.de\/index.php?rest_route=%2Fwp%2Fv2%2Fcomments&post=95"}],"version-history":[{"count":17,"href":"https:\/\/www.gsv-heidelberg.de\/index.php?rest_route=\/wp\/v2\/pages\/95\/revisions"}],"predecessor-version":[{"id":9813,"href":"https:\/\/www.gsv-heidelberg.de\/index.php?rest_route=\/wp\/v2\/pages\/95\/revisions\/9813"}],"wp:attachment":[{"href":"https:\/\/www.gsv-heidelberg.de\/index.php?rest_route=%2Fwp%2Fv2%2Fmedia&parent=95"}],"curies":[{"name":"wp","href":"https:\/\/api.w.org\/{rel}","templated":true}]}}