{"id":9844,"date":"2026-01-13T17:55:33","date_gmt":"2026-01-13T15:55:33","guid":{"rendered":"https:\/\/www.gsv-heidelberg.de\/?page_id=9844"},"modified":"2026-01-13T17:55:33","modified_gmt":"2026-01-13T15:55:33","slug":"vereinsshop-sport-freizeit","status":"publish","type":"page","link":"https:\/\/www.gsv-heidelberg.de\/?page_id=9844","title":{"rendered":"Vereinsshop \u2013 Sport &amp; Freizeit"},"content":{"rendered":"\n<p>In unserem Vereinsshop findest du hochwertige Sport- und Freizeitkleidung im einheitlichen Vereinsdesign. Ob Training, Wettkampf oder Freizeit \u2013 unsere Kollektion verbindet Funktionalit\u00e4t, Komfort und Zusammenhalt.<\/p>\n\n\n\n<p>Mit jedem Artikel zeigst du deine Verbundenheit zum Verein und trittst einheitlich und professionell auf. Die Produkte eignen sich f\u00fcr aktive Sportlerinnen und Sportler ebenso wie f\u00fcr Fans, Familien und Unterst\u00fctzende.<\/p>\n\n\n\n<p>St\u00f6bere durch unser Sortiment und finde genau das Richtige f\u00fcr Sport und Alltag \u2013 im Look unseres Vereins.<\/p>\n\n\n\n<h2 class=\"wp-block-heading\">Sport<\/h2>\n\n\n\n<figure class=\"wp-block-image size-large\"><img loading=\"lazy\" decoding=\"async\" width=\"1024\" height=\"629\" src=\"https:\/\/www.gsv-heidelberg.de\/wp-content\/uploads\/2026\/01\/Sport-Vereinsshop-1024x629.jpg\" alt=\"\" class=\"wp-image-9845\" srcset=\"https:\/\/www.gsv-heidelberg.de\/wp-content\/uploads\/2026\/01\/Sport-Vereinsshop-1024x629.jpg 1024w, https:\/\/www.gsv-heidelberg.de\/wp-content\/uploads\/2026\/01\/Sport-Vereinsshop-500x307.jpg 500w, https:\/\/www.gsv-heidelberg.de\/wp-content\/uploads\/2026\/01\/Sport-Vereinsshop-768x472.jpg 768w, https:\/\/www.gsv-heidelberg.de\/wp-content\/uploads\/2026\/01\/Sport-Vereinsshop-847x520.jpg 847w, https:\/\/www.gsv-heidelberg.de\/wp-content\/uploads\/2026\/01\/Sport-Vereinsshop.jpg 1425w\" sizes=\"auto, (max-width: 1024px) 100vw, 1024px\" \/><\/figure>\n\n\n\n<div class=\"wp-block-buttons is-layout-flex wp-block-buttons-is-layout-flex\">\n<div class=\"wp-block-button\"><a class=\"wp-block-button__link wp-element-button\" href=\"https:\/\/www.absolute-teamsport-rausch.de\/shopgsv\" target=\"_blank\" rel=\"noreferrer noopener\">>> Link zum Vereinsshop &#8211; Sport<\/a><\/div>\n<\/div>\n\n\n\n<h2 class=\"wp-block-heading\">Freizeit<\/h2>\n\n\n\n<figure class=\"wp-block-image size-full\"><img loading=\"lazy\" decoding=\"async\" width=\"802\" height=\"773\" src=\"https:\/\/www.gsv-heidelberg.de\/wp-content\/uploads\/2024\/02\/Vereinsshop-1.jpg\" alt=\"\" class=\"wp-image-8476\" srcset=\"https:\/\/www.gsv-heidelberg.de\/wp-content\/uploads\/2024\/02\/Vereinsshop-1.jpg 802w, https:\/\/www.gsv-heidelberg.de\/wp-content\/uploads\/2024\/02\/Vereinsshop-1-500x482.jpg 500w, https:\/\/www.gsv-heidelberg.de\/wp-content\/uploads\/2024\/02\/Vereinsshop-1-768x740.jpg 768w\" sizes=\"auto, (max-width: 802px) 100vw, 802px\" \/><\/figure>\n\n\n\n<div class=\"wp-block-buttons is-layout-flex wp-block-buttons-is-layout-flex\">\n<div class=\"wp-block-button\"><a class=\"wp-block-button__link wp-element-button\" href=\"https:\/\/www.11teamsports.com\/de-de\/l\/house-of-clubs\/collections\/gehorlosensportverein-heidelberg-1954-e-v\" target=\"_blank\" rel=\"noreferrer noopener\">>> Link zum Vereinsshop &#8211; Freizeit<\/a><\/div>\n<\/div>\n","protected":false},"excerpt":{"rendered":"<p>In unserem Vereinsshop findest du hochwertige Sport- und Freizeitkleidung im einheitlichen Vereinsdesign. Ob Training, Wettkampf oder Freizeit \u2013 unsere Kollektion verbindet Funktionalit\u00e4t, Komfort und Zusammenhalt. Mit jedem Artikel zeigst du deine Verbundenheit zum Verein und trittst einheitlich und professionell auf. Die Produkte eignen sich f\u00fcr aktive Sportlerinnen und Sportler ebenso wie f\u00fcr Fans, Familien und &hellip; <\/p>\n<p><a class=\"more-link btn\" href=\"https:\/\/www.gsv-heidelberg.de\/?page_id=9844\">Weiterlesen<\/a><\/p>\n","protected":false},"author":1,"featured_media":0,"parent":0,"menu_order":0,"comment_status":"closed","ping_status":"closed","template":"","meta":{"footnotes":""},"class_list":["post-9844","page","type-page","status-publish","hentry","nodate","item-wrap"],"_links":{"self":[{"href":"https:\/\/www.gsv-heidelberg.de\/index.php?rest_route=\/wp\/v2\/pages\/9844","targetHints":{"allow":["GET"]}}],"collection":[{"href":"https:\/\/www.gsv-heidelberg.de\/index.php?rest_route=\/wp\/v2\/pages"}],"about":[{"href":"https:\/\/www.gsv-heidelberg.de\/index.php?rest_route=\/wp\/v2\/types\/page"}],"author":[{"embeddable":true,"href":"https:\/\/www.gsv-heidelberg.de\/index.php?rest_route=\/wp\/v2\/users\/1"}],"replies":[{"embeddable":true,"href":"https:\/\/www.gsv-heidelberg.de\/index.php?rest_route=%2Fwp%2Fv2%2Fcomments&post=9844"}],"version-history":[{"count":1,"href":"https:\/\/www.gsv-heidelberg.de\/index.php?rest_route=\/wp\/v2\/pages\/9844\/revisions"}],"predecessor-version":[{"id":9846,"href":"https:\/\/www.gsv-heidelberg.de\/index.php?rest_route=\/wp\/v2\/pages\/9844\/revisions\/9846"}],"wp:attachment":[{"href":"https:\/\/www.gsv-heidelberg.de\/index.php?rest_route=%2Fwp%2Fv2%2Fmedia&parent=9844"}],"curies":[{"name":"wp","href":"https:\/\/api.w.org\/{rel}","templated":true}]}}